{"id":960,"date":"2021-04-29T15:26:54","date_gmt":"2021-04-29T15:26:54","guid":{"rendered":"http:\/\/dform.pl\/motoplast\/?page_id=960"},"modified":"2021-07-29T19:45:33","modified_gmt":"2021-07-29T19:45:33","slug":"wspolpraca","status":"publish","type":"page","link":"https:\/\/www.motoplast.pl\/index.php\/home\/wspolpraca\/","title":{"rendered":"WSP\u00d3\u0141PRACA"},"content":{"rendered":"\t\t<div data-elementor-type=\"wp-page\" data-elementor-id=\"960\" class=\"elementor elementor-960\" data-elementor-settings=\"[]\">\n\t\t\t\t\t\t<div class=\"elementor-inner\">\n\t\t\t\t\t\t\t<div class=\"elementor-section-wrap\">\n\t\t\t\t\t\t\t<section class=\"elementor-section elementor-top-section elementor-element elementor-element-6a36846 elementor-section-full_width elementor-section-height-default elementor-section-height-default\" data-id=\"6a36846\" data-element_type=\"section\" data-settings=\"{&quot;background_background&quot;:&quot;classic&quot;}\">\n\t\t\t\t\t\t\t<div class=\"elementor-background-overlay\"><\/div>\n\t\t\t\t\t\t\t<div class=\"elementor-container elementor-column-gap-no\">\n\t\t\t\t\t\t\t<div class=\"elementor-row\">\n\t\t\t\t\t<div class=\"aux-parallax-section elementor-column elementor-col-100 elementor-top-column elementor-element elementor-element-4a3d1ae\" data-id=\"4a3d1ae\" data-element_type=\"column\" data-settings=\"{&quot;background_background&quot;:&quot;classic&quot;}\">\n\t\t\t<div class=\"elementor-column-wrap elementor-element-populated\">\n\t\t\t\t\t\t\t<div class=\"elementor-widget-wrap\">\n\t\t\t\t\t\t<div class=\"elementor-element elementor-element-facf61a aux-appear-watch-animation aux-fade-in-right-2 elementor-widget elementor-widget-aux_modern_heading\" data-id=\"facf61a\" data-element_type=\"widget\" data-widget_type=\"aux_modern_heading.default\">\n\t\t\t\t<div class=\"elementor-widget-container\">\n\t\t\t<section class=\"aux-widget-modern-heading\">\n            <div class=\"aux-widget-inner\"><h2 class=\"aux-modern-heading-primary\"><\/h2><h2 class=\"aux-modern-heading-secondary\"><span class=\"aux-head-before\">WSP\u00d3\u0141PRACA<\/span><\/h2><\/div>\n        <\/section>\t\t<\/div>\n\t\t\t\t<\/div>\n\t\t\t\t\t\t<\/div>\n\t\t\t\t\t<\/div>\n\t\t<\/div>\n\t\t\t\t\t\t\t\t<\/div>\n\t\t\t\t\t<\/div>\n\t\t<\/section>\n\t\t\t\t<section class=\"elementor-section elementor-top-section elementor-element elementor-element-b3db42a elementor-section-content-middle elementor-reverse-mobile elementor-section-boxed elementor-section-height-default elementor-section-height-default\" data-id=\"b3db42a\" data-element_type=\"section\">\n\t\t\t\t\t\t<div class=\"elementor-container elementor-column-gap-no\">\n\t\t\t\t\t\t\t<div class=\"elementor-row\">\n\t\t\t\t\t<div class=\"aux-parallax-section elementor-column elementor-col-33 elementor-top-column elementor-element elementor-element-720a736\" data-id=\"720a736\" data-element_type=\"column\">\n\t\t\t<div class=\"elementor-column-wrap elementor-element-populated\">\n\t\t\t\t\t\t\t<div class=\"elementor-widget-wrap\">\n\t\t\t\t\t\t<div class=\"elementor-element elementor-element-e77cad2 aux-appear-watch-animation aux-fade-in-left-1 elementor-widget elementor-widget-aux_image\" data-id=\"e77cad2\" data-element_type=\"widget\" data-widget_type=\"aux_image.default\">\n\t\t\t\t<div class=\"elementor-widget-container\">\n\t\t\t<section class=\"widget-container aux-widget-image aux-alignnone aux-parent-auad9ae19c\" style=\"\" >\n    <div class=\"aux-media-hint-frame \">\n        <div class=\"aux-media-image \" >\n        \n            \n\n            \n            <img loading=\"lazy\" width=\"880\" height=\"600\" src=\"https:\/\/www.motoplast.pl\/wp-content\/uploads\/2021\/04\/B2004982-ABA9-43EF-BA2F-8488CF7B6DA6_1_105_c.jpeg\" class=\"aux-attachment aux-featured-image aux-attachment-id-966\" alt=\"B2004982-ABA9-43EF-BA2F-8488CF7B6DA6_1_105_c\" srcset=\"https:\/\/www.motoplast.pl\/wp-content\/uploads\/2021\/04\/B2004982-ABA9-43EF-BA2F-8488CF7B6DA6_1_105_c-150x102.jpeg 150w,https:\/\/www.motoplast.pl\/wp-content\/uploads\/2021\/04\/B2004982-ABA9-43EF-BA2F-8488CF7B6DA6_1_105_c-300x205.jpeg 300w,https:\/\/www.motoplast.pl\/wp-content\/uploads\/2021\/04\/B2004982-ABA9-43EF-BA2F-8488CF7B6DA6_1_105_c-768x524.jpeg 768w,https:\/\/www.motoplast.pl\/wp-content\/uploads\/2021\/04\/B2004982-ABA9-43EF-BA2F-8488CF7B6DA6_1_105_c-1024x698.jpeg 1024w,https:\/\/www.motoplast.pl\/wp-content\/uploads\/2021\/04\/B2004982-ABA9-43EF-BA2F-8488CF7B6DA6_1_105_c.jpeg 880w\" data-ratio=\"1.47\" data-original-w=\"1182\" sizes=\"(max-width:479px) 480px,(max-width:767px) 768px,(max-width:1023px) 1024px,880px\" \/>            \n                <\/div>\n    <\/div>\n\n<\/section><!-- widget-container -->\t\t<\/div>\n\t\t\t\t<\/div>\n\t\t\t\t\t\t<\/div>\n\t\t\t\t\t<\/div>\n\t\t<\/div>\n\t\t\t\t<div class=\"aux-parallax-section elementor-column elementor-col-66 elementor-top-column elementor-element elementor-element-55b2300\" data-id=\"55b2300\" data-element_type=\"column\">\n\t\t\t<div class=\"elementor-column-wrap elementor-element-populated\">\n\t\t\t\t\t\t\t<div class=\"elementor-widget-wrap\">\n\t\t\t\t\t\t<div class=\"elementor-element elementor-element-2e9816a aux-appear-watch-animation aux-fade-in-right-2 elementor-widget elementor-widget-aux_modern_heading\" data-id=\"2e9816a\" data-element_type=\"widget\" data-widget_type=\"aux_modern_heading.default\">\n\t\t\t\t<div class=\"elementor-widget-container\">\n\t\t\t<section class=\"aux-widget-modern-heading\">\n            <div class=\"aux-widget-inner\"><h2 class=\"aux-modern-heading-primary\"><\/h2><h3 class=\"aux-modern-heading-secondary\"><span class=\"aux-head-before\">PARTNER<\/span><\/h3><div class=\"aux-modern-heading-description\"><p>Jeste\u015bmy niezawodnym partnerem dla naszych klient\u00f3w w zakresie dostaw cz\u0119\u015bci z tworzyw sztucznych i zespo\u0142\u00f3w monta\u017cowych, przeznaczonych do najbardziej wymagaj\u0105cych zastosowa\u0144, zw\u0142aszcza w bran\u017cy motoryzacyjnej.<\/p><p>Pomagamy im w realizacji cel\u00f3w w zakresie rozwoju, dostaw, jako\u015bci i bezpiecze\u0144stwa. Wsp\u00f3lnie wypracowali\u015bmy udan\u0105, d\u0142ugoterminow\u0105 obecno\u015b\u0107 na rynku.<\/p><p>Ze wzgl\u0119du na profil produkcyjny naszych g\u0142\u00f3wnych klient\u00f3w, najwi\u0119kszy wolumen produkcji dotyczy element\u00f3w karoserii i wewn\u0119trznych element\u00f3w wyko\u0144czeniowych.<br \/>Nasza oferta obejmuje, kompleksowy rozw\u00f3j produktu w oparciu o wymagania klienta, wsparcie techniczne na etapie koncepcji produktu lub modyfikacji, w tym optymalizacja procesu w oparciu o wymagan\u0105 jako\u015b\u0107 i koszt.<\/p><\/div><\/div>\n        <\/section>\t\t<\/div>\n\t\t\t\t<\/div>\n\t\t\t\t\t\t<\/div>\n\t\t\t\t\t<\/div>\n\t\t<\/div>\n\t\t\t\t\t\t\t\t<\/div>\n\t\t\t\t\t<\/div>\n\t\t<\/section>\n\t\t\t\t<section class=\"elementor-section elementor-top-section elementor-element elementor-element-a5e09be elementor-section-content-middle elementor-reverse-mobile elementor-section-boxed elementor-section-height-default elementor-section-height-default\" data-id=\"a5e09be\" data-element_type=\"section\">\n\t\t\t\t\t\t<div class=\"elementor-container elementor-column-gap-no\">\n\t\t\t\t\t\t\t<div class=\"elementor-row\">\n\t\t\t\t\t<div class=\"aux-parallax-section elementor-column elementor-col-33 elementor-top-column elementor-element elementor-element-3a8a91a\" data-id=\"3a8a91a\" data-element_type=\"column\">\n\t\t\t<div class=\"elementor-column-wrap elementor-element-populated\">\n\t\t\t\t\t\t\t<div class=\"elementor-widget-wrap\">\n\t\t\t\t\t\t<div class=\"elementor-element elementor-element-02c9b3d aux-appear-watch-animation aux-fade-in-left-1 elementor-widget elementor-widget-aux_image\" data-id=\"02c9b3d\" data-element_type=\"widget\" data-widget_type=\"aux_image.default\">\n\t\t\t\t<div class=\"elementor-widget-container\">\n\t\t\t<section class=\"widget-container aux-widget-image aux-alignnone aux-parent-aua943776d\" style=\"\" >\n    <div class=\"aux-media-hint-frame \">\n        <div class=\"aux-media-image \" >\n        \n            \n\n            \n            <img loading=\"lazy\" width=\"950\" height=\"750\" src=\"https:\/\/www.motoplast.pl\/wp-content\/uploads\/2021\/05\/4145bedb-78a3-4983-8b26-26925c761769.jpg\" class=\"aux-attachment aux-featured-image aux-attachment-id-1129\" alt=\"4145bedb-78a3-4983-8b26-26925c761769\" srcset=\"https:\/\/www.motoplast.pl\/wp-content\/uploads\/2021\/05\/4145bedb-78a3-4983-8b26-26925c761769-150x118.jpg 150w,https:\/\/www.motoplast.pl\/wp-content\/uploads\/2021\/05\/4145bedb-78a3-4983-8b26-26925c761769-300x237.jpg 300w,https:\/\/www.motoplast.pl\/wp-content\/uploads\/2021\/05\/4145bedb-78a3-4983-8b26-26925c761769-768x606.jpg 768w,https:\/\/www.motoplast.pl\/wp-content\/uploads\/2021\/05\/4145bedb-78a3-4983-8b26-26925c761769-1024x808.jpg 1024w,https:\/\/www.motoplast.pl\/wp-content\/uploads\/2021\/05\/4145bedb-78a3-4983-8b26-26925c761769.jpg 950w\" data-ratio=\"1.27\" data-original-w=\"1600\" sizes=\"(max-width:479px) 480px,(max-width:767px) 768px,(max-width:1023px) 1024px,950px\" \/>            \n                <\/div>\n    <\/div>\n\n<\/section><!-- widget-container -->\t\t<\/div>\n\t\t\t\t<\/div>\n\t\t\t\t\t\t<\/div>\n\t\t\t\t\t<\/div>\n\t\t<\/div>\n\t\t\t\t<div class=\"aux-parallax-section elementor-column elementor-col-66 elementor-top-column elementor-element elementor-element-ea10393\" data-id=\"ea10393\" data-element_type=\"column\">\n\t\t\t<div class=\"elementor-column-wrap elementor-element-populated\">\n\t\t\t\t\t\t\t<div class=\"elementor-widget-wrap\">\n\t\t\t\t\t\t<div class=\"elementor-element elementor-element-7288b8e aux-appear-watch-animation aux-fade-in-right-2 elementor-widget elementor-widget-aux_modern_heading\" data-id=\"7288b8e\" data-element_type=\"widget\" data-widget_type=\"aux_modern_heading.default\">\n\t\t\t\t<div class=\"elementor-widget-container\">\n\t\t\t<section class=\"aux-widget-modern-heading\">\n            <div class=\"aux-widget-inner\"><h2 class=\"aux-modern-heading-primary\"><\/h2><h3 class=\"aux-modern-heading-secondary\"><span class=\"aux-head-before\">MO\u017bLIWO\u015aCI<\/span><\/h3><div class=\"aux-modern-heading-description\"><p>W zale\u017cno\u015bci od zapotrzebowania, mo\u017cemy zaproponowa\u0107 odpowiedni\u0105 technologi\u0119 do odpowiednich zastosowa\u0144 : od ma\u0142ych serii - laminowanie r\u0119czne GFK, RTM do wielkoseryjnych DCPD lub SMC.<\/p><p>Wspieramy przy projektowaniu i tworz\u0105c modele i narz\u0119dzia do produkcji jednostkowej i seryjnej, tworz\u0105c produkt w oparciu o podane dane 3D lub \/ i przygotowuj\u0105c w\u0142asne CAD \/ CAM.<\/p><p>Stosujemy wysokiej jako\u015bci materia\u0142y czo\u0142owych dostawc\u00f3w, zar\u00f3wno \u017cywice, jak i wszelkiego rodzaju wzmocnienia (maty, w\u0142\u00f3kna, tkaniny, rowing) szklane, w\u0119glowe i kevlarowe.<\/p><p>Dzia\u0142amy na rynku globalnym jako dostawca rozwi\u0105za\u0144 i system\u00f3w. Cenimy zaanga\u017cowanie i lojalno\u015b\u0107 naszych pracownik\u00f3w i inwestujemy w ich rozw\u00f3j, zapewniaj\u0105c jednocze\u015bnie bezpieczne \u015brodowisko pracy.<\/p><\/div><\/div>\n        <\/section>\t\t<\/div>\n\t\t\t\t<\/div>\n\t\t\t\t\t\t<\/div>\n\t\t\t\t\t<\/div>\n\t\t<\/div>\n\t\t\t\t\t\t\t\t<\/div>\n\t\t\t\t\t<\/div>\n\t\t<\/section>\n\t\t\t\t\t\t<\/div>\n\t\t\t\t\t\t<\/div>\n\t\t\t\t\t<\/div>\n\t\t","protected":false},"excerpt":{"rendered":"<p>WSP\u00d3\u0141PRACA PARTNER Jeste\u015bmy niezawodnym partnerem dla naszych klient\u00f3w w zakresie dostaw cz\u0119\u015bci z tworzyw sztucznych i zespo\u0142\u00f3w monta\u017cowych, przeznaczonych do najbardziej wymagaj\u0105cych zastosowa\u0144, zw\u0142aszcza w bran\u017cy motoryzacyjnej. Pomagamy im w realizacji cel\u00f3w w zakresie rozwoju, dostaw, jako\u015bci i bezpiecze\u0144stwa. Wsp\u00f3lnie wypracowali\u015bmy udan\u0105, d\u0142ugoterminow\u0105 obecno\u015b\u0107 na rynku. Ze wzgl\u0119du na profil produkcyjny naszych g\u0142\u00f3wnych klient\u00f3w, najwi\u0119kszy [&hellip;]<\/p>\n","protected":false},"author":1,"featured_media":0,"parent":78,"menu_order":0,"comment_status":"closed","ping_status":"closed","template":"","meta":[],"yoast_head":"<!-- This site is optimized with the Yoast SEO plugin v16.4 - https:\/\/yoast.com\/wordpress\/plugins\/seo\/ -->\n<title>WSP\u00d3\u0141PRACA - motoplast.pl<\/title>\n<meta name=\"robots\" content=\"index, follow, max-snippet:-1, max-image-preview:large, max-video-preview:-1\" \/>\n<link rel=\"canonical\" href=\"https:\/\/www.motoplast.pl\/index.php\/home\/wspolpraca\/\" \/>\n<meta property=\"og:locale\" content=\"pl_PL\" \/>\n<meta property=\"og:type\" content=\"article\" \/>\n<meta property=\"og:title\" content=\"WSP\u00d3\u0141PRACA - motoplast.pl\" \/>\n<meta property=\"og:description\" content=\"WSP\u00d3\u0141PRACA PARTNER Jeste\u015bmy niezawodnym partnerem dla naszych klient\u00f3w w zakresie dostaw cz\u0119\u015bci z tworzyw sztucznych i zespo\u0142\u00f3w monta\u017cowych, przeznaczonych do najbardziej wymagaj\u0105cych zastosowa\u0144, zw\u0142aszcza w bran\u017cy motoryzacyjnej. Pomagamy im w realizacji cel\u00f3w w zakresie rozwoju, dostaw, jako\u015bci i bezpiecze\u0144stwa. Wsp\u00f3lnie wypracowali\u015bmy udan\u0105, d\u0142ugoterminow\u0105 obecno\u015b\u0107 na rynku. Ze wzgl\u0119du na profil produkcyjny naszych g\u0142\u00f3wnych klient\u00f3w, najwi\u0119kszy [&hellip;]\" \/>\n<meta property=\"og:url\" content=\"https:\/\/www.motoplast.pl\/index.php\/home\/wspolpraca\/\" \/>\n<meta property=\"og:site_name\" content=\"motoplast.pl\" \/>\n<meta property=\"article:modified_time\" content=\"2021-07-29T19:45:33+00:00\" \/>\n<meta property=\"og:image\" content=\"http:\/\/www.motoplast.pl\/wp-content\/uploads\/2021\/04\/B2004982-ABA9-43EF-BA2F-8488CF7B6DA6_1_105_c-880x600.jpeg\" \/>\n<meta name=\"twitter:card\" content=\"summary_large_image\" \/>\n<meta name=\"twitter:label1\" content=\"Szacowany czas czytania\" \/>\n\t<meta name=\"twitter:data1\" content=\"2 minuty\" \/>\n<script type=\"application\/ld+json\" class=\"yoast-schema-graph\">{\"@context\":\"https:\/\/schema.org\",\"@graph\":[{\"@type\":\"WebSite\",\"@id\":\"https:\/\/www.motoplast.pl\/index.php\/en\/home-en\/#website\",\"url\":\"https:\/\/www.motoplast.pl\/index.php\/en\/home-en\/\",\"name\":\"motoplast.pl\",\"description\":\"motoplast.pl\",\"potentialAction\":[{\"@type\":\"SearchAction\",\"target\":\"https:\/\/www.motoplast.pl\/index.php\/en\/home-en\/?s={search_term_string}\",\"query-input\":\"required name=search_term_string\"}],\"inLanguage\":\"pl-PL\"},{\"@type\":\"ImageObject\",\"@id\":\"https:\/\/www.motoplast.pl\/index.php\/home\/wspolpraca\/#primaryimage\",\"inLanguage\":\"pl-PL\",\"url\":\"http:\/\/www.motoplast.pl\/wp-content\/uploads\/2021\/04\/B2004982-ABA9-43EF-BA2F-8488CF7B6DA6_1_105_c-880x600.jpeg\",\"contentUrl\":\"http:\/\/www.motoplast.pl\/wp-content\/uploads\/2021\/04\/B2004982-ABA9-43EF-BA2F-8488CF7B6DA6_1_105_c-880x600.jpeg\"},{\"@type\":\"WebPage\",\"@id\":\"https:\/\/www.motoplast.pl\/index.php\/home\/wspolpraca\/#webpage\",\"url\":\"https:\/\/www.motoplast.pl\/index.php\/home\/wspolpraca\/\",\"name\":\"WSP\\u00d3\\u0141PRACA - motoplast.pl\",\"isPartOf\":{\"@id\":\"https:\/\/www.motoplast.pl\/index.php\/en\/home-en\/#website\"},\"primaryImageOfPage\":{\"@id\":\"https:\/\/www.motoplast.pl\/index.php\/home\/wspolpraca\/#primaryimage\"},\"datePublished\":\"2021-04-29T15:26:54+00:00\",\"dateModified\":\"2021-07-29T19:45:33+00:00\",\"breadcrumb\":{\"@id\":\"https:\/\/www.motoplast.pl\/index.php\/home\/wspolpraca\/#breadcrumb\"},\"inLanguage\":\"pl-PL\",\"potentialAction\":[{\"@type\":\"ReadAction\",\"target\":[\"https:\/\/www.motoplast.pl\/index.php\/home\/wspolpraca\/\"]}]},{\"@type\":\"BreadcrumbList\",\"@id\":\"https:\/\/www.motoplast.pl\/index.php\/home\/wspolpraca\/#breadcrumb\",\"itemListElement\":[{\"@type\":\"ListItem\",\"position\":1,\"item\":{\"@type\":\"WebPage\",\"@id\":\"https:\/\/www.motoplast.pl\/\",\"url\":\"https:\/\/www.motoplast.pl\/\",\"name\":\"Strona g\\u0142\\u00f3wna\"}},{\"@type\":\"ListItem\",\"position\":2,\"item\":{\"@type\":\"WebPage\",\"@id\":\"https:\/\/www.motoplast.pl\/\",\"url\":\"https:\/\/www.motoplast.pl\/\",\"name\":\"HOME\"}},{\"@type\":\"ListItem\",\"position\":3,\"item\":{\"@id\":\"https:\/\/www.motoplast.pl\/index.php\/home\/wspolpraca\/#webpage\"}}]}]}<\/script>\n<!-- \/ Yoast SEO plugin. -->","_links":{"self":[{"href":"https:\/\/www.motoplast.pl\/index.php\/wp-json\/wp\/v2\/pages\/960"}],"collection":[{"href":"https:\/\/www.motoplast.pl\/index.php\/wp-json\/wp\/v2\/pages"}],"about":[{"href":"https:\/\/www.motoplast.pl\/index.php\/wp-json\/wp\/v2\/types\/page"}],"author":[{"embeddable":true,"href":"https:\/\/www.motoplast.pl\/index.php\/wp-json\/wp\/v2\/users\/1"}],"replies":[{"embeddable":true,"href":"https:\/\/www.motoplast.pl\/index.php\/wp-json\/wp\/v2\/comments?post=960"}],"version-history":[{"count":94,"href":"https:\/\/www.motoplast.pl\/index.php\/wp-json\/wp\/v2\/pages\/960\/revisions"}],"predecessor-version":[{"id":2096,"href":"https:\/\/www.motoplast.pl\/index.php\/wp-json\/wp\/v2\/pages\/960\/revisions\/2096"}],"up":[{"embeddable":true,"href":"https:\/\/www.motoplast.pl\/index.php\/wp-json\/wp\/v2\/pages\/78"}],"wp:attachment":[{"href":"https:\/\/www.motoplast.pl\/index.php\/wp-json\/wp\/v2\/media?parent=960"}],"curies":[{"name":"wp","href":"https:\/\/api.w.org\/{rel}","templated":true}]}}