{"id":740,"date":"2021-04-16T14:15:30","date_gmt":"2021-04-16T14:15:30","guid":{"rendered":"http:\/\/dform.pl\/motoplast\/?page_id=740"},"modified":"2021-06-11T07:43:44","modified_gmt":"2021-06-11T07:43:44","slug":"technologia-smc","status":"publish","type":"page","link":"https:\/\/www.motoplast.pl\/index.php\/home\/technologie\/technologia-smc\/","title":{"rendered":"TECHNOLOGIA SMC"},"content":{"rendered":"\t\t<div data-elementor-type=\"wp-page\" data-elementor-id=\"740\" class=\"elementor elementor-740\" data-elementor-settings=\"[]\">\n\t\t\t\t\t\t<div class=\"elementor-inner\">\n\t\t\t\t\t\t\t<div class=\"elementor-section-wrap\">\n\t\t\t\t\t\t\t<section class=\"elementor-section elementor-top-section elementor-element elementor-element-6a36846 elementor-section-full_width elementor-section-height-default elementor-section-height-default\" data-id=\"6a36846\" data-element_type=\"section\" data-settings=\"{&quot;background_background&quot;:&quot;classic&quot;}\">\n\t\t\t\t\t\t\t<div class=\"elementor-background-overlay\"><\/div>\n\t\t\t\t\t\t\t<div class=\"elementor-container elementor-column-gap-no\">\n\t\t\t\t\t\t\t<div class=\"elementor-row\">\n\t\t\t\t\t<div class=\"aux-parallax-section elementor-column elementor-col-100 elementor-top-column elementor-element elementor-element-4a3d1ae\" data-id=\"4a3d1ae\" data-element_type=\"column\" data-settings=\"{&quot;background_background&quot;:&quot;classic&quot;}\">\n\t\t\t<div class=\"elementor-column-wrap elementor-element-populated\">\n\t\t\t\t\t\t\t<div class=\"elementor-widget-wrap\">\n\t\t\t\t\t\t<div class=\"elementor-element elementor-element-facf61a aux-appear-watch-animation aux-fade-in-right-2 elementor-widget elementor-widget-aux_modern_heading\" data-id=\"facf61a\" data-element_type=\"widget\" data-widget_type=\"aux_modern_heading.default\">\n\t\t\t\t<div class=\"elementor-widget-container\">\n\t\t\t<section class=\"aux-widget-modern-heading\">\n            <div class=\"aux-widget-inner\"><h2 class=\"aux-modern-heading-primary\"><\/h2><h2 class=\"aux-modern-heading-secondary\"><span class=\"aux-head-before\">TECHNOLOGIA SMC<\/span><\/h2><\/div>\n        <\/section>\t\t<\/div>\n\t\t\t\t<\/div>\n\t\t\t\t\t\t<\/div>\n\t\t\t\t\t<\/div>\n\t\t<\/div>\n\t\t\t\t\t\t\t\t<\/div>\n\t\t\t\t\t<\/div>\n\t\t<\/section>\n\t\t\t\t<section class=\"elementor-section elementor-top-section elementor-element elementor-element-b3db42a elementor-section-content-middle elementor-reverse-mobile elementor-section-boxed elementor-section-height-default elementor-section-height-default\" data-id=\"b3db42a\" data-element_type=\"section\">\n\t\t\t\t\t\t<div class=\"elementor-container elementor-column-gap-no\">\n\t\t\t\t\t\t\t<div class=\"elementor-row\">\n\t\t\t\t\t<div class=\"aux-parallax-section elementor-column elementor-col-33 elementor-top-column elementor-element elementor-element-720a736\" data-id=\"720a736\" data-element_type=\"column\">\n\t\t\t<div class=\"elementor-column-wrap elementor-element-populated\">\n\t\t\t\t\t\t\t<div class=\"elementor-widget-wrap\">\n\t\t\t\t\t\t<div class=\"elementor-element elementor-element-e77cad2 aux-appear-watch-animation aux-fade-in-left-1 elementor-widget elementor-widget-aux_image\" data-id=\"e77cad2\" data-element_type=\"widget\" data-widget_type=\"aux_image.default\">\n\t\t\t\t<div class=\"elementor-widget-container\">\n\t\t\t<section class=\"widget-container aux-widget-image aux-alignnone aux-parent-au80851631\" style=\"\" >\n    <div class=\"aux-media-hint-frame \">\n        <div class=\"aux-media-image \" >\n        \n            \n\n            \n            <img loading=\"lazy\" width=\"880\" height=\"800\" src=\"https:\/\/www.motoplast.pl\/wp-content\/uploads\/2021\/05\/fba0d6bf-e048-49d2-b8c3-ed8a7ea76f48-2.png\" class=\"aux-attachment aux-featured-image aux-attachment-id-987\" alt=\"fba0d6bf-e048-49d2-b8c3-ed8a7ea76f48-2\" srcset=\"https:\/\/www.motoplast.pl\/wp-content\/uploads\/2021\/05\/fba0d6bf-e048-49d2-b8c3-ed8a7ea76f48-2-150x136.png 150w,https:\/\/www.motoplast.pl\/wp-content\/uploads\/2021\/05\/fba0d6bf-e048-49d2-b8c3-ed8a7ea76f48-2-300x273.png 300w,https:\/\/www.motoplast.pl\/wp-content\/uploads\/2021\/05\/fba0d6bf-e048-49d2-b8c3-ed8a7ea76f48-2-768x698.png 768w,https:\/\/www.motoplast.pl\/wp-content\/uploads\/2021\/05\/fba0d6bf-e048-49d2-b8c3-ed8a7ea76f48-2-1024x931.png 1024w,https:\/\/www.motoplast.pl\/wp-content\/uploads\/2021\/05\/fba0d6bf-e048-49d2-b8c3-ed8a7ea76f48-2.png 880w\" data-ratio=\"1.1\" data-original-w=\"1200\" sizes=\"(max-width:479px) 480px,(max-width:767px) 768px,(max-width:1023px) 1024px,880px\" \/>            \n                <\/div>\n    <\/div>\n\n<\/section><!-- widget-container -->\t\t<\/div>\n\t\t\t\t<\/div>\n\t\t\t\t\t\t<\/div>\n\t\t\t\t\t<\/div>\n\t\t<\/div>\n\t\t\t\t<div class=\"aux-parallax-section elementor-column elementor-col-66 elementor-top-column elementor-element elementor-element-55b2300\" data-id=\"55b2300\" data-element_type=\"column\">\n\t\t\t<div class=\"elementor-column-wrap elementor-element-populated\">\n\t\t\t\t\t\t\t<div class=\"elementor-widget-wrap\">\n\t\t\t\t\t\t<div class=\"elementor-element elementor-element-2e9816a aux-appear-watch-animation aux-fade-in-right-2 elementor-widget elementor-widget-aux_modern_heading\" data-id=\"2e9816a\" data-element_type=\"widget\" data-widget_type=\"aux_modern_heading.default\">\n\t\t\t\t<div class=\"elementor-widget-container\">\n\t\t\t<section class=\"aux-widget-modern-heading\">\n            <div class=\"aux-widget-inner\"><h2 class=\"aux-modern-heading-primary\"><\/h2><h3 class=\"aux-modern-heading-secondary\"><span class=\"aux-head-before\">TECHNOLOGIA SMC<\/span><\/h3><div class=\"aux-modern-heading-description\"><p><strong>SMC (ang. sheet moulding compound)\u00a0<\/strong>to technologia formowania, w wyniku kt\u00f3rej powstaje materia\u0142 kompozytowy na bazie \u017cywicy termoutwardzalnej (np. Poliestr\u00f3w) z w\u0142\u00f3knami wzmacniaj\u0105cymi (szk\u0142o, w\u0119giel itp.).T\u0142oczywa termoutwardzalne SMC wyst\u0119puj\u0105 w r\u00f3\u017cnych odmianach, ich w\u0142a\u015bciwo\u015bci mo\u017cna modyfikowa\u0107, stosuj\u0105c odpowiednie rodzaje i kombinacje \u017cywic i w\u0142\u00f3kien wzmacniaj\u0105cych, a tym samym regulowa\u0107 w\u0142a\u015bciwo\u015bci wytrzyma\u0142o\u015bciowe produktu.<\/p><p>P\u00f3\u0142produkt wytwarzany jest najcz\u0119\u015bciej w postaci arkuszy. Z tych arkuszy mo\u017cna wycina\u0107 formatki o wymaganym rozmiarze, kt\u00f3re nast\u0119pnie formuje si\u0119 w \u017c\u0105dany kszta\u0142t w formach stalowych lub aluminiowych w podwy\u017cszonej temperaturze i pod ci\u015bnieniem prasuje wykorzystuj\u0105c prasy hydrauliczne. Podczas procesu zachodzi szereg reakcji polimeryzacji i sieciowania.<\/p><p><strong>TECHNOLOGIA SMC<\/strong> oferuje wszechstronne mo\u017cliwo\u015bci projektowe, wysok\u0105 jako\u015b\u0107 powierzchni i szybkie cykle produkcyjne. Dla du\u017cych serii mo\u017cliwa jest automatyzacja procesu<br \/>Materia\u0142 charakteryzuje si\u0119 wysokim modu\u0142em spr\u0119\u017cysto\u015bci i znajduje szerokie zastosowanie m.in.w przemy\u015ble motoryzacyjnym, budownictwie, in\u017cynierii mechanicznej i instalacjach elektrycznych.<\/p><\/div><\/div>\n        <\/section>\t\t<\/div>\n\t\t\t\t<\/div>\n\t\t\t\t\t\t<\/div>\n\t\t\t\t\t<\/div>\n\t\t<\/div>\n\t\t\t\t\t\t\t\t<\/div>\n\t\t\t\t\t<\/div>\n\t\t<\/section>\n\t\t\t\t<section class=\"elementor-section elementor-top-section elementor-element elementor-element-e11a7a2 elementor-section-content-middle elementor-reverse-mobile elementor-section-boxed elementor-section-height-default elementor-section-height-default\" data-id=\"e11a7a2\" data-element_type=\"section\">\n\t\t\t\t\t\t<div class=\"elementor-container elementor-column-gap-no\">\n\t\t\t\t\t\t\t<div class=\"elementor-row\">\n\t\t\t\t\t<div class=\"aux-parallax-section elementor-column elementor-col-33 elementor-top-column elementor-element elementor-element-8dd7c04\" data-id=\"8dd7c04\" data-element_type=\"column\">\n\t\t\t<div class=\"elementor-column-wrap elementor-element-populated\">\n\t\t\t\t\t\t\t<div class=\"elementor-widget-wrap\">\n\t\t\t\t\t\t<div class=\"elementor-element elementor-element-a6a2d9d aux-appear-watch-animation aux-fade-in-right-2 elementor-widget elementor-widget-aux_modern_heading\" data-id=\"a6a2d9d\" data-element_type=\"widget\" data-widget_type=\"aux_modern_heading.default\">\n\t\t\t\t<div class=\"elementor-widget-container\">\n\t\t\t<section class=\"aux-widget-modern-heading\">\n            <div class=\"aux-widget-inner\"><h2 class=\"aux-modern-heading-primary\"><\/h2><h3 class=\"aux-modern-heading-secondary\"><span class=\"aux-head-before\">BENEFITY<\/span><\/h3><div class=\"aux-modern-heading-description\"><ul><li>SMC ma szeroki zakres zastosowa\u0144<\/li><\/ul><ul><li>Zawarto\u015b\u0107 w\u0142\u00f3kna szklanego 25\u201350%<\/li><\/ul><ul><li>SMC umo\u017cliwia formowanie cz\u0119\u015bci z elementami mocuj\u0105cymi, \u017cebrami wzmacniaj\u0105cymi, insertami bezpo\u015brednio w procesie formowania<\/li><\/ul><ul><li>Cykl produkcyjny trwa od 2 do oko\u0142o 5 minut. Technologia pozwala produkowa\u0107 serie do 100 tys. cz\u0119\u015bci rocznie.<\/li><\/ul><ul><li>Cz\u0119\u015bci wykonane w technologii SMC charakteryzuj\u0105 si\u0119 du\u017c\u0105 sztywno\u015bci\u0105, stabilno\u015bci\u0105 wymiarow\u0105 oraz nisk\u0105 rozszerzalno\u015bci\u0105 ciepln\u0105.<\/li><\/ul><ul><li>Wysoka jako\u015b\u0107 powierzchni daje r\u00f3\u017cne mo\u017cliwo\u015bci lakierowania<\/li><\/ul><\/div><\/div>\n        <\/section>\t\t<\/div>\n\t\t\t\t<\/div>\n\t\t\t\t\t\t<\/div>\n\t\t\t\t\t<\/div>\n\t\t<\/div>\n\t\t\t\t<div class=\"aux-parallax-section elementor-column elementor-col-33 elementor-top-column elementor-element elementor-element-4694ef3\" data-id=\"4694ef3\" data-element_type=\"column\">\n\t\t\t<div class=\"elementor-column-wrap elementor-element-populated\">\n\t\t\t\t\t\t\t<div class=\"elementor-widget-wrap\">\n\t\t\t\t\t\t<div class=\"elementor-element elementor-element-950cdc9 aux-appear-watch-animation aux-fade-in-left-1 elementor-widget elementor-widget-aux_image\" data-id=\"950cdc9\" data-element_type=\"widget\" data-widget_type=\"aux_image.default\">\n\t\t\t\t<div class=\"elementor-widget-container\">\n\t\t\t<section class=\"widget-container aux-widget-image aux-alignnone aux-parent-au9fb8d00f\" style=\"\" >\n    <div class=\"aux-media-hint-frame \">\n        <div class=\"aux-media-image \" >\n        \n            \n\n            \n            <img loading=\"lazy\" width=\"400\" height=\"450\" src=\"https:\/\/www.motoplast.pl\/wp-content\/uploads\/2021\/05\/41A6D173-78BD-4AB3-B99E-433981B3BC05_1_105_c.jpeg\" class=\"aux-attachment aux-featured-image aux-attachment-id-1553\" alt=\"41A6D173-78BD-4AB3-B99E-433981B3BC05_1_105_c\" srcset=\"https:\/\/www.motoplast.pl\/wp-content\/uploads\/2021\/05\/41A6D173-78BD-4AB3-B99E-433981B3BC05_1_105_c-150x169.jpeg 150w,https:\/\/www.motoplast.pl\/wp-content\/uploads\/2021\/05\/41A6D173-78BD-4AB3-B99E-433981B3BC05_1_105_c-300x338.jpeg 300w,https:\/\/www.motoplast.pl\/wp-content\/uploads\/2021\/05\/41A6D173-78BD-4AB3-B99E-433981B3BC05_1_105_c-768x864.jpeg 768w,https:\/\/www.motoplast.pl\/wp-content\/uploads\/2021\/05\/41A6D173-78BD-4AB3-B99E-433981B3BC05_1_105_c.jpeg 400w\" data-ratio=\"0.89\" data-original-w=\"1024\" sizes=\"(max-width:479px) 480px,(max-width:767px) 768px,(max-width:1023px) 1024px,400px\" \/>            \n                <\/div>\n    <\/div>\n\n<\/section><!-- widget-container -->\t\t<\/div>\n\t\t\t\t<\/div>\n\t\t\t\t\t\t<\/div>\n\t\t\t\t\t<\/div>\n\t\t<\/div>\n\t\t\t\t<div class=\"aux-parallax-section elementor-column elementor-col-33 elementor-top-column elementor-element elementor-element-8af7ad0\" data-id=\"8af7ad0\" data-element_type=\"column\">\n\t\t\t<div class=\"elementor-column-wrap elementor-element-populated\">\n\t\t\t\t\t\t\t<div class=\"elementor-widget-wrap\">\n\t\t\t\t\t\t<div class=\"elementor-element elementor-element-8af4a80 aux-appear-watch-animation aux-fade-in-left-1 elementor-widget elementor-widget-aux_image\" data-id=\"8af4a80\" data-element_type=\"widget\" data-widget_type=\"aux_image.default\">\n\t\t\t\t<div class=\"elementor-widget-container\">\n\t\t\t<section class=\"widget-container aux-widget-image aux-alignnone aux-parent-au0352f26f\" style=\"\" >\n    <div class=\"aux-media-hint-frame \">\n        <div class=\"aux-media-image \" >\n        \n            \n\n            \n            <img loading=\"lazy\" width=\"400\" height=\"450\" src=\"https:\/\/www.motoplast.pl\/wp-content\/uploads\/2021\/05\/3C26C016-97B5-45E4-A759-EA9405018730_1_105_c.jpeg\" class=\"aux-attachment aux-featured-image aux-attachment-id-1551\" alt=\"3C26C016-97B5-45E4-A759-EA9405018730_1_105_c\" srcset=\"https:\/\/www.motoplast.pl\/wp-content\/uploads\/2021\/05\/3C26C016-97B5-45E4-A759-EA9405018730_1_105_c-150x169.jpeg 150w,https:\/\/www.motoplast.pl\/wp-content\/uploads\/2021\/05\/3C26C016-97B5-45E4-A759-EA9405018730_1_105_c-300x338.jpeg 300w,https:\/\/www.motoplast.pl\/wp-content\/uploads\/2021\/05\/3C26C016-97B5-45E4-A759-EA9405018730_1_105_c-768x864.jpeg 768w,https:\/\/www.motoplast.pl\/wp-content\/uploads\/2021\/05\/3C26C016-97B5-45E4-A759-EA9405018730_1_105_c.jpeg 400w\" data-ratio=\"0.89\" data-original-w=\"1024\" sizes=\"(max-width:479px) 480px,(max-width:767px) 768px,(max-width:1023px) 1024px,400px\" \/>            \n                <\/div>\n    <\/div>\n\n<\/section><!-- widget-container -->\t\t<\/div>\n\t\t\t\t<\/div>\n\t\t\t\t\t\t<\/div>\n\t\t\t\t\t<\/div>\n\t\t<\/div>\n\t\t\t\t\t\t\t\t<\/div>\n\t\t\t\t\t<\/div>\n\t\t<\/section>\n\t\t\t\t\t\t<\/div>\n\t\t\t\t\t\t<\/div>\n\t\t\t\t\t<\/div>\n\t\t","protected":false},"excerpt":{"rendered":"<p>TECHNOLOGIA SMC TECHNOLOGIA SMC SMC (ang. sheet moulding compound)\u00a0to technologia formowania, w wyniku kt\u00f3rej powstaje materia\u0142 kompozytowy na bazie \u017cywicy termoutwardzalnej (np. Poliestr\u00f3w) z w\u0142\u00f3knami wzmacniaj\u0105cymi (szk\u0142o, w\u0119giel itp.).T\u0142oczywa termoutwardzalne SMC wyst\u0119puj\u0105 w r\u00f3\u017cnych odmianach, ich w\u0142a\u015bciwo\u015bci mo\u017cna modyfikowa\u0107, stosuj\u0105c odpowiednie rodzaje i kombinacje \u017cywic i w\u0142\u00f3kien wzmacniaj\u0105cych, a tym samym regulowa\u0107 w\u0142a\u015bciwo\u015bci wytrzyma\u0142o\u015bciowe produktu. [&hellip;]<\/p>\n","protected":false},"author":1,"featured_media":0,"parent":342,"menu_order":0,"comment_status":"closed","ping_status":"closed","template":"","meta":[],"yoast_head":"<!-- This site is optimized with the Yoast SEO plugin v16.4 - https:\/\/yoast.com\/wordpress\/plugins\/seo\/ -->\n<title>TECHNOLOGIA SMC - motoplast.pl<\/title>\n<meta name=\"robots\" content=\"index, follow, max-snippet:-1, max-image-preview:large, max-video-preview:-1\" \/>\n<link rel=\"canonical\" href=\"https:\/\/www.motoplast.pl\/index.php\/home\/technologie\/technologia-smc\/\" \/>\n<meta property=\"og:locale\" content=\"pl_PL\" \/>\n<meta property=\"og:type\" content=\"article\" \/>\n<meta property=\"og:title\" content=\"TECHNOLOGIA SMC - motoplast.pl\" \/>\n<meta property=\"og:description\" content=\"TECHNOLOGIA SMC TECHNOLOGIA SMC SMC (ang. sheet moulding compound)\u00a0to technologia formowania, w wyniku kt\u00f3rej powstaje materia\u0142 kompozytowy na bazie \u017cywicy termoutwardzalnej (np. Poliestr\u00f3w) z w\u0142\u00f3knami wzmacniaj\u0105cymi (szk\u0142o, w\u0119giel itp.).T\u0142oczywa termoutwardzalne SMC wyst\u0119puj\u0105 w r\u00f3\u017cnych odmianach, ich w\u0142a\u015bciwo\u015bci mo\u017cna modyfikowa\u0107, stosuj\u0105c odpowiednie rodzaje i kombinacje \u017cywic i w\u0142\u00f3kien wzmacniaj\u0105cych, a tym samym regulowa\u0107 w\u0142a\u015bciwo\u015bci wytrzyma\u0142o\u015bciowe produktu. [&hellip;]\" \/>\n<meta property=\"og:url\" content=\"https:\/\/www.motoplast.pl\/index.php\/home\/technologie\/technologia-smc\/\" \/>\n<meta property=\"og:site_name\" content=\"motoplast.pl\" \/>\n<meta property=\"article:modified_time\" content=\"2021-06-11T07:43:44+00:00\" \/>\n<meta property=\"og:image\" content=\"http:\/\/www.motoplast.pl\/wp-content\/uploads\/2021\/05\/fba0d6bf-e048-49d2-b8c3-ed8a7ea76f48-2-880x800.png\" \/>\n<meta name=\"twitter:card\" content=\"summary_large_image\" \/>\n<meta name=\"twitter:label1\" content=\"Szacowany czas czytania\" \/>\n\t<meta name=\"twitter:data1\" content=\"2 minuty\" \/>\n<script type=\"application\/ld+json\" class=\"yoast-schema-graph\">{\"@context\":\"https:\/\/schema.org\",\"@graph\":[{\"@type\":\"WebSite\",\"@id\":\"https:\/\/www.motoplast.pl\/index.php\/en\/home-en\/#website\",\"url\":\"https:\/\/www.motoplast.pl\/index.php\/en\/home-en\/\",\"name\":\"motoplast.pl\",\"description\":\"motoplast.pl\",\"potentialAction\":[{\"@type\":\"SearchAction\",\"target\":\"https:\/\/www.motoplast.pl\/index.php\/en\/home-en\/?s={search_term_string}\",\"query-input\":\"required name=search_term_string\"}],\"inLanguage\":\"pl-PL\"},{\"@type\":\"ImageObject\",\"@id\":\"https:\/\/www.motoplast.pl\/index.php\/home\/technologie\/technologia-smc\/#primaryimage\",\"inLanguage\":\"pl-PL\",\"url\":\"http:\/\/www.motoplast.pl\/wp-content\/uploads\/2021\/05\/fba0d6bf-e048-49d2-b8c3-ed8a7ea76f48-2-880x800.png\",\"contentUrl\":\"http:\/\/www.motoplast.pl\/wp-content\/uploads\/2021\/05\/fba0d6bf-e048-49d2-b8c3-ed8a7ea76f48-2-880x800.png\"},{\"@type\":\"WebPage\",\"@id\":\"https:\/\/www.motoplast.pl\/index.php\/home\/technologie\/technologia-smc\/#webpage\",\"url\":\"https:\/\/www.motoplast.pl\/index.php\/home\/technologie\/technologia-smc\/\",\"name\":\"TECHNOLOGIA SMC - motoplast.pl\",\"isPartOf\":{\"@id\":\"https:\/\/www.motoplast.pl\/index.php\/en\/home-en\/#website\"},\"primaryImageOfPage\":{\"@id\":\"https:\/\/www.motoplast.pl\/index.php\/home\/technologie\/technologia-smc\/#primaryimage\"},\"datePublished\":\"2021-04-16T14:15:30+00:00\",\"dateModified\":\"2021-06-11T07:43:44+00:00\",\"breadcrumb\":{\"@id\":\"https:\/\/www.motoplast.pl\/index.php\/home\/technologie\/technologia-smc\/#breadcrumb\"},\"inLanguage\":\"pl-PL\",\"potentialAction\":[{\"@type\":\"ReadAction\",\"target\":[\"https:\/\/www.motoplast.pl\/index.php\/home\/technologie\/technologia-smc\/\"]}]},{\"@type\":\"BreadcrumbList\",\"@id\":\"https:\/\/www.motoplast.pl\/index.php\/home\/technologie\/technologia-smc\/#breadcrumb\",\"itemListElement\":[{\"@type\":\"ListItem\",\"position\":1,\"item\":{\"@type\":\"WebPage\",\"@id\":\"https:\/\/www.motoplast.pl\/\",\"url\":\"https:\/\/www.motoplast.pl\/\",\"name\":\"Strona g\\u0142\\u00f3wna\"}},{\"@type\":\"ListItem\",\"position\":2,\"item\":{\"@type\":\"WebPage\",\"@id\":\"https:\/\/www.motoplast.pl\/\",\"url\":\"https:\/\/www.motoplast.pl\/\",\"name\":\"HOME\"}},{\"@type\":\"ListItem\",\"position\":3,\"item\":{\"@type\":\"WebPage\",\"@id\":\"https:\/\/www.motoplast.pl\/index.php\/home\/technologie\/\",\"url\":\"https:\/\/www.motoplast.pl\/index.php\/home\/technologie\/\",\"name\":\"TECHNOLOGIE\"}},{\"@type\":\"ListItem\",\"position\":4,\"item\":{\"@id\":\"https:\/\/www.motoplast.pl\/index.php\/home\/technologie\/technologia-smc\/#webpage\"}}]}]}<\/script>\n<!-- \/ Yoast SEO plugin. -->","_links":{"self":[{"href":"https:\/\/www.motoplast.pl\/index.php\/wp-json\/wp\/v2\/pages\/740"}],"collection":[{"href":"https:\/\/www.motoplast.pl\/index.php\/wp-json\/wp\/v2\/pages"}],"about":[{"href":"https:\/\/www.motoplast.pl\/index.php\/wp-json\/wp\/v2\/types\/page"}],"author":[{"embeddable":true,"href":"https:\/\/www.motoplast.pl\/index.php\/wp-json\/wp\/v2\/users\/1"}],"replies":[{"embeddable":true,"href":"https:\/\/www.motoplast.pl\/index.php\/wp-json\/wp\/v2\/comments?post=740"}],"version-history":[{"count":118,"href":"https:\/\/www.motoplast.pl\/index.php\/wp-json\/wp\/v2\/pages\/740\/revisions"}],"predecessor-version":[{"id":2078,"href":"https:\/\/www.motoplast.pl\/index.php\/wp-json\/wp\/v2\/pages\/740\/revisions\/2078"}],"up":[{"embeddable":true,"href":"https:\/\/www.motoplast.pl\/index.php\/wp-json\/wp\/v2\/pages\/342"}],"wp:attachment":[{"href":"https:\/\/www.motoplast.pl\/index.php\/wp-json\/wp\/v2\/media?parent=740"}],"curies":[{"name":"wp","href":"https:\/\/api.w.org\/{rel}","templated":true}]}}