{"id":2299,"date":"2021-07-30T10:05:28","date_gmt":"2021-07-30T10:05:28","guid":{"rendered":"http:\/\/www.motoplast.pl\/?page_id=2299"},"modified":"2021-07-30T10:08:55","modified_gmt":"2021-07-30T10:08:55","slug":"zusammenarbeit-mit-uns","status":"publish","type":"page","link":"https:\/\/www.motoplast.pl\/index.php\/de\/home-de\/zusammenarbeit-mit-uns\/","title":{"rendered":"ZUSAMMENARBEIT MIT UNS"},"content":{"rendered":"\t\t<div data-elementor-type=\"wp-page\" data-elementor-id=\"2299\" class=\"elementor elementor-2299\" data-elementor-settings=\"[]\">\n\t\t\t\t\t\t<div class=\"elementor-inner\">\n\t\t\t\t\t\t\t<div class=\"elementor-section-wrap\">\n\t\t\t\t\t\t\t<section class=\"elementor-section elementor-top-section elementor-element elementor-element-6a36846 elementor-section-full_width elementor-section-height-default elementor-section-height-default\" data-id=\"6a36846\" data-element_type=\"section\" data-settings=\"{&quot;background_background&quot;:&quot;classic&quot;}\">\n\t\t\t\t\t\t\t<div class=\"elementor-background-overlay\"><\/div>\n\t\t\t\t\t\t\t<div class=\"elementor-container elementor-column-gap-no\">\n\t\t\t\t\t\t\t<div class=\"elementor-row\">\n\t\t\t\t\t<div class=\"aux-parallax-section elementor-column elementor-col-100 elementor-top-column elementor-element elementor-element-4a3d1ae\" data-id=\"4a3d1ae\" data-element_type=\"column\" data-settings=\"{&quot;background_background&quot;:&quot;classic&quot;}\">\n\t\t\t<div class=\"elementor-column-wrap elementor-element-populated\">\n\t\t\t\t\t\t\t<div class=\"elementor-widget-wrap\">\n\t\t\t\t\t\t<div class=\"elementor-element elementor-element-facf61a aux-appear-watch-animation aux-fade-in-right-2 elementor-widget elementor-widget-aux_modern_heading\" data-id=\"facf61a\" data-element_type=\"widget\" data-widget_type=\"aux_modern_heading.default\">\n\t\t\t\t<div class=\"elementor-widget-container\">\n\t\t\t<section class=\"aux-widget-modern-heading\">\n            <div class=\"aux-widget-inner\"><h2 class=\"aux-modern-heading-primary\"><\/h2><h2 class=\"aux-modern-heading-secondary\"><span class=\"aux-head-before\">Zusammenarbeit<\/span><\/h2><\/div>\n        <\/section>\t\t<\/div>\n\t\t\t\t<\/div>\n\t\t\t\t\t\t<\/div>\n\t\t\t\t\t<\/div>\n\t\t<\/div>\n\t\t\t\t\t\t\t\t<\/div>\n\t\t\t\t\t<\/div>\n\t\t<\/section>\n\t\t\t\t<section class=\"elementor-section elementor-top-section elementor-element elementor-element-b3db42a elementor-section-content-middle elementor-reverse-mobile elementor-section-boxed elementor-section-height-default elementor-section-height-default\" data-id=\"b3db42a\" data-element_type=\"section\">\n\t\t\t\t\t\t<div class=\"elementor-container elementor-column-gap-no\">\n\t\t\t\t\t\t\t<div class=\"elementor-row\">\n\t\t\t\t\t<div class=\"aux-parallax-section elementor-column elementor-col-33 elementor-top-column elementor-element elementor-element-720a736\" data-id=\"720a736\" data-element_type=\"column\">\n\t\t\t<div class=\"elementor-column-wrap elementor-element-populated\">\n\t\t\t\t\t\t\t<div class=\"elementor-widget-wrap\">\n\t\t\t\t\t\t<div class=\"elementor-element elementor-element-e77cad2 aux-appear-watch-animation aux-fade-in-left-1 elementor-widget elementor-widget-aux_image\" data-id=\"e77cad2\" data-element_type=\"widget\" data-widget_type=\"aux_image.default\">\n\t\t\t\t<div class=\"elementor-widget-container\">\n\t\t\t<section class=\"widget-container aux-widget-image aux-alignnone aux-parent-au653ae203\" style=\"\" >\n    <div class=\"aux-media-hint-frame \">\n        <div class=\"aux-media-image \" >\n        \n            \n\n            \n            <img loading=\"lazy\" width=\"880\" height=\"600\" src=\"https:\/\/www.motoplast.pl\/wp-content\/uploads\/2021\/04\/B2004982-ABA9-43EF-BA2F-8488CF7B6DA6_1_105_c.jpeg\" class=\"aux-attachment aux-featured-image aux-attachment-id-966\" alt=\"B2004982-ABA9-43EF-BA2F-8488CF7B6DA6_1_105_c\" srcset=\"https:\/\/www.motoplast.pl\/wp-content\/uploads\/2021\/04\/B2004982-ABA9-43EF-BA2F-8488CF7B6DA6_1_105_c-150x102.jpeg 150w,https:\/\/www.motoplast.pl\/wp-content\/uploads\/2021\/04\/B2004982-ABA9-43EF-BA2F-8488CF7B6DA6_1_105_c-300x205.jpeg 300w,https:\/\/www.motoplast.pl\/wp-content\/uploads\/2021\/04\/B2004982-ABA9-43EF-BA2F-8488CF7B6DA6_1_105_c-768x524.jpeg 768w,https:\/\/www.motoplast.pl\/wp-content\/uploads\/2021\/04\/B2004982-ABA9-43EF-BA2F-8488CF7B6DA6_1_105_c-1024x698.jpeg 1024w,https:\/\/www.motoplast.pl\/wp-content\/uploads\/2021\/04\/B2004982-ABA9-43EF-BA2F-8488CF7B6DA6_1_105_c.jpeg 880w\" data-ratio=\"1.47\" data-original-w=\"1182\" sizes=\"(max-width:479px) 480px,(max-width:767px) 768px,(max-width:1023px) 1024px,880px\" \/>            \n                <\/div>\n    <\/div>\n\n<\/section><!-- widget-container -->\t\t<\/div>\n\t\t\t\t<\/div>\n\t\t\t\t\t\t<\/div>\n\t\t\t\t\t<\/div>\n\t\t<\/div>\n\t\t\t\t<div class=\"aux-parallax-section elementor-column elementor-col-66 elementor-top-column elementor-element elementor-element-55b2300\" data-id=\"55b2300\" data-element_type=\"column\">\n\t\t\t<div class=\"elementor-column-wrap elementor-element-populated\">\n\t\t\t\t\t\t\t<div class=\"elementor-widget-wrap\">\n\t\t\t\t\t\t<div class=\"elementor-element elementor-element-2e9816a aux-appear-watch-animation aux-fade-in-right-2 elementor-widget elementor-widget-aux_modern_heading\" data-id=\"2e9816a\" data-element_type=\"widget\" data-widget_type=\"aux_modern_heading.default\">\n\t\t\t\t<div class=\"elementor-widget-container\">\n\t\t\t<section class=\"aux-widget-modern-heading\">\n            <div class=\"aux-widget-inner\"><h2 class=\"aux-modern-heading-primary\"><\/h2><h3 class=\"aux-modern-heading-secondary\"><span class=\"aux-head-before\">Zuverl\u00e4ssiger Partner<\/span><\/h3><div class=\"aux-modern-heading-description\"><p>Wir sind ein zuverl\u00e4ssiger Partner f\u00fcr unsere Kunden bei der Lieferung von Kunststoffteilen und Montageeinheiten f\u00fcr die anspruchsvollsten Anwendungen, insbesondere in der Automobilindustrie.<\/p><p><br \/>Wir helfen ihnen, ihre Entwicklungs-, Liefer-, Qualit\u00e4ts- und Sicherheitsziele zu erreichen. Gemeinsam haben wir eine erfolgreiche langfristige Pr\u00e4senz auf dem Markt aufgebaut.<span class=\"Apple-converted-space\">\u00a0<\/span><\/p><p>Aufgrund des Produktionsprofils unserer Hauptkunden entf\u00e4llt das gr\u00f6\u00dfte Produktionsvolumen auf Karosserie und Innenausstattung.<br \/><br \/>Unser Angebot umfasst eine umfassende Produktentwicklung basierend auf Kundenanforderungen, technischen Support in der Phase des Produktkonzepts oder der \u00c4nderung, einschlie\u00dflich einer Prozessoptimierung basierend auf der erforderlichen Qualit\u00e4t und den erforderlichen Kosten.<\/p><\/div><\/div>\n        <\/section>\t\t<\/div>\n\t\t\t\t<\/div>\n\t\t\t\t\t\t<\/div>\n\t\t\t\t\t<\/div>\n\t\t<\/div>\n\t\t\t\t\t\t\t\t<\/div>\n\t\t\t\t\t<\/div>\n\t\t<\/section>\n\t\t\t\t<section class=\"elementor-section elementor-top-section elementor-element elementor-element-a5e09be elementor-section-content-middle elementor-reverse-mobile elementor-section-boxed elementor-section-height-default elementor-section-height-default\" data-id=\"a5e09be\" data-element_type=\"section\">\n\t\t\t\t\t\t<div class=\"elementor-container elementor-column-gap-no\">\n\t\t\t\t\t\t\t<div class=\"elementor-row\">\n\t\t\t\t\t<div class=\"aux-parallax-section elementor-column elementor-col-33 elementor-top-column elementor-element elementor-element-3a8a91a\" data-id=\"3a8a91a\" data-element_type=\"column\">\n\t\t\t<div class=\"elementor-column-wrap elementor-element-populated\">\n\t\t\t\t\t\t\t<div class=\"elementor-widget-wrap\">\n\t\t\t\t\t\t<div class=\"elementor-element elementor-element-02c9b3d aux-appear-watch-animation aux-fade-in-left-1 elementor-widget elementor-widget-aux_image\" data-id=\"02c9b3d\" data-element_type=\"widget\" data-widget_type=\"aux_image.default\">\n\t\t\t\t<div class=\"elementor-widget-container\">\n\t\t\t<section class=\"widget-container aux-widget-image aux-alignnone aux-parent-auec449e3e\" style=\"\" >\n    <div class=\"aux-media-hint-frame \">\n        <div class=\"aux-media-image \" >\n        \n            \n\n            \n            <img loading=\"lazy\" width=\"950\" height=\"750\" src=\"https:\/\/www.motoplast.pl\/wp-content\/uploads\/2021\/05\/4145bedb-78a3-4983-8b26-26925c761769.jpg\" class=\"aux-attachment aux-featured-image aux-attachment-id-1129\" alt=\"4145bedb-78a3-4983-8b26-26925c761769\" srcset=\"https:\/\/www.motoplast.pl\/wp-content\/uploads\/2021\/05\/4145bedb-78a3-4983-8b26-26925c761769-150x118.jpg 150w,https:\/\/www.motoplast.pl\/wp-content\/uploads\/2021\/05\/4145bedb-78a3-4983-8b26-26925c761769-300x237.jpg 300w,https:\/\/www.motoplast.pl\/wp-content\/uploads\/2021\/05\/4145bedb-78a3-4983-8b26-26925c761769-768x606.jpg 768w,https:\/\/www.motoplast.pl\/wp-content\/uploads\/2021\/05\/4145bedb-78a3-4983-8b26-26925c761769-1024x808.jpg 1024w,https:\/\/www.motoplast.pl\/wp-content\/uploads\/2021\/05\/4145bedb-78a3-4983-8b26-26925c761769.jpg 950w\" data-ratio=\"1.27\" data-original-w=\"1600\" sizes=\"(max-width:479px) 480px,(max-width:767px) 768px,(max-width:1023px) 1024px,950px\" \/>            \n                <\/div>\n    <\/div>\n\n<\/section><!-- widget-container -->\t\t<\/div>\n\t\t\t\t<\/div>\n\t\t\t\t\t\t<\/div>\n\t\t\t\t\t<\/div>\n\t\t<\/div>\n\t\t\t\t<div class=\"aux-parallax-section elementor-column elementor-col-66 elementor-top-column elementor-element elementor-element-ea10393\" data-id=\"ea10393\" data-element_type=\"column\">\n\t\t\t<div class=\"elementor-column-wrap elementor-element-populated\">\n\t\t\t\t\t\t\t<div class=\"elementor-widget-wrap\">\n\t\t\t\t\t\t<div class=\"elementor-element elementor-element-7288b8e aux-appear-watch-animation aux-fade-in-right-2 elementor-widget elementor-widget-aux_modern_heading\" data-id=\"7288b8e\" data-element_type=\"widget\" data-widget_type=\"aux_modern_heading.default\">\n\t\t\t\t<div class=\"elementor-widget-container\">\n\t\t\t<section class=\"aux-widget-modern-heading\">\n            <div class=\"aux-widget-inner\"><h2 class=\"aux-modern-heading-primary\"><\/h2><h3 class=\"aux-modern-heading-secondary\"><span class=\"aux-head-before\">F\u00e4higkeiten<\/span><\/h3><div class=\"aux-modern-heading-description\"><p>Je nach Bedarf k\u00f6nnen wir die geeignete Technologie f\u00fcr die entsprechende Anwendung anbieten: von kleinen Serien - manuelle GFK Laminierung oder RTM Injektion, bis zu gro\u00dfen Serien DCPD oder SMC.<span class=\"Apple-converted-space\">\u00a0<\/span><\/p><p>Wir unterst\u00fctzen das Design und erstellen Modelle und Werkzeuge f\u00fcr die Einzel- und Serienproduktion, erstellen ein Produkt basierend auf den angegebenen 3D-Daten und \/ oder bereiten unser eigenes CAD \/ CAM vor.<br \/>Wir verwenden hochwertige Materialien von f\u00fchrenden Lieferanten, sowohl Harze als auch alle Arten von Verst\u00e4rkungen (Matten, Fasern, Stoffe, Rovings), Glas, Kohlenstoff und Kevlar.<\/p><p><br \/>Wir sind auf dem Weltmarkt als Anbieter von L\u00f6sungen und Systemen t\u00e4tig. Wir sch\u00e4tzen das Engagement und die Loyalit\u00e4t unserer Mitarbeiter, investieren in deren Entwicklung und sorgen gleichzeitig f\u00fcr ein sicheres Arbeitsumfeld.<\/p><\/div><\/div>\n        <\/section>\t\t<\/div>\n\t\t\t\t<\/div>\n\t\t\t\t\t\t<\/div>\n\t\t\t\t\t<\/div>\n\t\t<\/div>\n\t\t\t\t\t\t\t\t<\/div>\n\t\t\t\t\t<\/div>\n\t\t<\/section>\n\t\t\t\t\t\t<\/div>\n\t\t\t\t\t\t<\/div>\n\t\t\t\t\t<\/div>\n\t\t","protected":false},"excerpt":{"rendered":"<p>Zusammenarbeit Zuverl\u00e4ssiger Partner Wir sind ein zuverl\u00e4ssiger Partner f\u00fcr unsere Kunden bei der Lieferung von Kunststoffteilen und Montageeinheiten f\u00fcr die anspruchsvollsten Anwendungen, insbesondere in der Automobilindustrie. Wir helfen ihnen, ihre Entwicklungs-, Liefer-, Qualit\u00e4ts- und Sicherheitsziele zu erreichen. Gemeinsam haben wir eine erfolgreiche langfristige Pr\u00e4senz auf dem Markt aufgebaut.\u00a0 Aufgrund des Produktionsprofils unserer Hauptkunden entf\u00e4llt das [&hellip;]<\/p>\n","protected":false},"author":1,"featured_media":0,"parent":2152,"menu_order":0,"comment_status":"closed","ping_status":"closed","template":"","meta":[],"yoast_head":"<!-- This site is optimized with the Yoast SEO plugin v16.4 - https:\/\/yoast.com\/wordpress\/plugins\/seo\/ -->\n<title>ZUSAMMENARBEIT MIT UNS - motoplast.pl<\/title>\n<meta name=\"robots\" content=\"index, follow, max-snippet:-1, max-image-preview:large, max-video-preview:-1\" \/>\n<link rel=\"canonical\" href=\"https:\/\/www.motoplast.pl\/index.php\/de\/home-de\/zusammenarbeit-mit-uns\/\" \/>\n<meta property=\"og:locale\" content=\"pl_PL\" \/>\n<meta property=\"og:type\" content=\"article\" \/>\n<meta property=\"og:title\" content=\"ZUSAMMENARBEIT MIT UNS - motoplast.pl\" \/>\n<meta property=\"og:description\" content=\"Zusammenarbeit Zuverl\u00e4ssiger Partner Wir sind ein zuverl\u00e4ssiger Partner f\u00fcr unsere Kunden bei der Lieferung von Kunststoffteilen und Montageeinheiten f\u00fcr die anspruchsvollsten Anwendungen, insbesondere in der Automobilindustrie. Wir helfen ihnen, ihre Entwicklungs-, Liefer-, Qualit\u00e4ts- und Sicherheitsziele zu erreichen. Gemeinsam haben wir eine erfolgreiche langfristige Pr\u00e4senz auf dem Markt aufgebaut.\u00a0 Aufgrund des Produktionsprofils unserer Hauptkunden entf\u00e4llt das [&hellip;]\" \/>\n<meta property=\"og:url\" content=\"https:\/\/www.motoplast.pl\/index.php\/de\/home-de\/zusammenarbeit-mit-uns\/\" \/>\n<meta property=\"og:site_name\" content=\"motoplast.pl\" \/>\n<meta property=\"article:modified_time\" content=\"2021-07-30T10:08:55+00:00\" \/>\n<meta property=\"og:image\" content=\"http:\/\/www.motoplast.pl\/wp-content\/uploads\/2021\/04\/B2004982-ABA9-43EF-BA2F-8488CF7B6DA6_1_105_c-880x600.jpeg\" \/>\n<meta name=\"twitter:card\" content=\"summary_large_image\" \/>\n<meta name=\"twitter:label1\" content=\"Szacowany czas czytania\" \/>\n\t<meta name=\"twitter:data1\" content=\"2 minuty\" \/>\n<script type=\"application\/ld+json\" class=\"yoast-schema-graph\">{\"@context\":\"https:\/\/schema.org\",\"@graph\":[{\"@type\":\"WebSite\",\"@id\":\"https:\/\/www.motoplast.pl\/index.php\/en\/home-en\/#website\",\"url\":\"https:\/\/www.motoplast.pl\/index.php\/en\/home-en\/\",\"name\":\"motoplast.pl\",\"description\":\"motoplast.pl\",\"potentialAction\":[{\"@type\":\"SearchAction\",\"target\":\"https:\/\/www.motoplast.pl\/index.php\/en\/home-en\/?s={search_term_string}\",\"query-input\":\"required name=search_term_string\"}],\"inLanguage\":\"pl-PL\"},{\"@type\":\"ImageObject\",\"@id\":\"https:\/\/www.motoplast.pl\/index.php\/de\/home-de\/zusammenarbeit-mit-uns\/#primaryimage\",\"inLanguage\":\"pl-PL\",\"url\":\"http:\/\/www.motoplast.pl\/wp-content\/uploads\/2021\/04\/B2004982-ABA9-43EF-BA2F-8488CF7B6DA6_1_105_c-880x600.jpeg\",\"contentUrl\":\"http:\/\/www.motoplast.pl\/wp-content\/uploads\/2021\/04\/B2004982-ABA9-43EF-BA2F-8488CF7B6DA6_1_105_c-880x600.jpeg\"},{\"@type\":\"WebPage\",\"@id\":\"https:\/\/www.motoplast.pl\/index.php\/de\/home-de\/zusammenarbeit-mit-uns\/#webpage\",\"url\":\"https:\/\/www.motoplast.pl\/index.php\/de\/home-de\/zusammenarbeit-mit-uns\/\",\"name\":\"ZUSAMMENARBEIT MIT UNS - motoplast.pl\",\"isPartOf\":{\"@id\":\"https:\/\/www.motoplast.pl\/index.php\/en\/home-en\/#website\"},\"primaryImageOfPage\":{\"@id\":\"https:\/\/www.motoplast.pl\/index.php\/de\/home-de\/zusammenarbeit-mit-uns\/#primaryimage\"},\"datePublished\":\"2021-07-30T10:05:28+00:00\",\"dateModified\":\"2021-07-30T10:08:55+00:00\",\"breadcrumb\":{\"@id\":\"https:\/\/www.motoplast.pl\/index.php\/de\/home-de\/zusammenarbeit-mit-uns\/#breadcrumb\"},\"inLanguage\":\"pl-PL\",\"potentialAction\":[{\"@type\":\"ReadAction\",\"target\":[\"https:\/\/www.motoplast.pl\/index.php\/de\/home-de\/zusammenarbeit-mit-uns\/\"]}]},{\"@type\":\"BreadcrumbList\",\"@id\":\"https:\/\/www.motoplast.pl\/index.php\/de\/home-de\/zusammenarbeit-mit-uns\/#breadcrumb\",\"itemListElement\":[{\"@type\":\"ListItem\",\"position\":1,\"item\":{\"@type\":\"WebPage\",\"@id\":\"https:\/\/www.motoplast.pl\/\",\"url\":\"https:\/\/www.motoplast.pl\/\",\"name\":\"Strona g\\u0142\\u00f3wna\"}},{\"@type\":\"ListItem\",\"position\":2,\"item\":{\"@type\":\"WebPage\",\"@id\":\"https:\/\/www.motoplast.pl\/index.php\/de\/home-de\/\",\"url\":\"https:\/\/www.motoplast.pl\/index.php\/de\/home-de\/\",\"name\":\"HOME &#8211; DE\"}},{\"@type\":\"ListItem\",\"position\":3,\"item\":{\"@id\":\"https:\/\/www.motoplast.pl\/index.php\/de\/home-de\/zusammenarbeit-mit-uns\/#webpage\"}}]}]}<\/script>\n<!-- \/ Yoast SEO plugin. -->","_links":{"self":[{"href":"https:\/\/www.motoplast.pl\/index.php\/wp-json\/wp\/v2\/pages\/2299"}],"collection":[{"href":"https:\/\/www.motoplast.pl\/index.php\/wp-json\/wp\/v2\/pages"}],"about":[{"href":"https:\/\/www.motoplast.pl\/index.php\/wp-json\/wp\/v2\/types\/page"}],"author":[{"embeddable":true,"href":"https:\/\/www.motoplast.pl\/index.php\/wp-json\/wp\/v2\/users\/1"}],"replies":[{"embeddable":true,"href":"https:\/\/www.motoplast.pl\/index.php\/wp-json\/wp\/v2\/comments?post=2299"}],"version-history":[{"count":4,"href":"https:\/\/www.motoplast.pl\/index.php\/wp-json\/wp\/v2\/pages\/2299\/revisions"}],"predecessor-version":[{"id":2304,"href":"https:\/\/www.motoplast.pl\/index.php\/wp-json\/wp\/v2\/pages\/2299\/revisions\/2304"}],"up":[{"embeddable":true,"href":"https:\/\/www.motoplast.pl\/index.php\/wp-json\/wp\/v2\/pages\/2152"}],"wp:attachment":[{"href":"https:\/\/www.motoplast.pl\/index.php\/wp-json\/wp\/v2\/media?parent=2299"}],"curies":[{"name":"wp","href":"https:\/\/api.w.org\/{rel}","templated":true}]}}