{"id":2294,"date":"2021-07-30T10:00:24","date_gmt":"2021-07-30T10:00:24","guid":{"rendered":"http:\/\/www.motoplast.pl\/?page_id=2294"},"modified":"2021-07-30T10:03:47","modified_gmt":"2021-07-30T10:03:47","slug":"rtm-injektion","status":"publish","type":"page","link":"https:\/\/www.motoplast.pl\/index.php\/de\/home-de\/technologien\/rtm-injektion\/","title":{"rendered":"RTM INJEKTION"},"content":{"rendered":"\t\t<div data-elementor-type=\"wp-page\" data-elementor-id=\"2294\" class=\"elementor elementor-2294\" data-elementor-settings=\"[]\">\n\t\t\t\t\t\t<div class=\"elementor-inner\">\n\t\t\t\t\t\t\t<div class=\"elementor-section-wrap\">\n\t\t\t\t\t\t\t<section class=\"elementor-section elementor-top-section elementor-element elementor-element-6a36846 elementor-section-full_width elementor-section-height-default elementor-section-height-default\" data-id=\"6a36846\" data-element_type=\"section\" data-settings=\"{&quot;background_background&quot;:&quot;classic&quot;}\">\n\t\t\t\t\t\t\t<div class=\"elementor-background-overlay\"><\/div>\n\t\t\t\t\t\t\t<div class=\"elementor-container elementor-column-gap-no\">\n\t\t\t\t\t\t\t<div class=\"elementor-row\">\n\t\t\t\t\t<div class=\"aux-parallax-section elementor-column elementor-col-100 elementor-top-column elementor-element elementor-element-4a3d1ae\" data-id=\"4a3d1ae\" data-element_type=\"column\" data-settings=\"{&quot;background_background&quot;:&quot;classic&quot;}\">\n\t\t\t<div class=\"elementor-column-wrap elementor-element-populated\">\n\t\t\t\t\t\t\t<div class=\"elementor-widget-wrap\">\n\t\t\t\t\t\t<div class=\"elementor-element elementor-element-facf61a aux-appear-watch-animation aux-fade-in-right-2 elementor-widget elementor-widget-aux_modern_heading\" data-id=\"facf61a\" data-element_type=\"widget\" data-widget_type=\"aux_modern_heading.default\">\n\t\t\t\t<div class=\"elementor-widget-container\">\n\t\t\t<section class=\"aux-widget-modern-heading\">\n            <div class=\"aux-widget-inner\"><h2 class=\"aux-modern-heading-primary\"><\/h2><h2 class=\"aux-modern-heading-secondary\"><span class=\"aux-head-before\">RTM INJEKTION<\/span><\/h2><\/div>\n        <\/section>\t\t<\/div>\n\t\t\t\t<\/div>\n\t\t\t\t\t\t<\/div>\n\t\t\t\t\t<\/div>\n\t\t<\/div>\n\t\t\t\t\t\t\t\t<\/div>\n\t\t\t\t\t<\/div>\n\t\t<\/section>\n\t\t\t\t<section class=\"elementor-section elementor-top-section elementor-element elementor-element-b3db42a elementor-section-content-middle elementor-reverse-mobile elementor-section-boxed elementor-section-height-default elementor-section-height-default\" data-id=\"b3db42a\" data-element_type=\"section\">\n\t\t\t\t\t\t<div class=\"elementor-container elementor-column-gap-no\">\n\t\t\t\t\t\t\t<div class=\"elementor-row\">\n\t\t\t\t\t<div class=\"aux-parallax-section elementor-column elementor-col-33 elementor-top-column elementor-element elementor-element-720a736\" data-id=\"720a736\" data-element_type=\"column\">\n\t\t\t<div class=\"elementor-column-wrap elementor-element-populated\">\n\t\t\t\t\t\t\t<div class=\"elementor-widget-wrap\">\n\t\t\t\t\t\t<div class=\"elementor-element elementor-element-950cdc9 aux-appear-watch-animation aux-fade-in-left-1 elementor-widget elementor-widget-aux_image\" data-id=\"950cdc9\" data-element_type=\"widget\" data-widget_type=\"aux_image.default\">\n\t\t\t\t<div class=\"elementor-widget-container\">\n\t\t\t<section class=\"widget-container aux-widget-image aux-alignnone aux-parent-au442a6f8e\" style=\"\" >\n    <div class=\"aux-media-hint-frame \">\n        <div class=\"aux-media-image \" >\n        \n            \n\n            \n            <img loading=\"lazy\" width=\"500\" height=\"400\" src=\"https:\/\/www.motoplast.pl\/wp-content\/uploads\/2021\/05\/Projekt-bez-tytulu-98.png\" class=\"aux-attachment aux-featured-image aux-attachment-id-1121\" alt=\"Projekt bez tytu\u0142u-98\" srcset=\"https:\/\/www.motoplast.pl\/wp-content\/uploads\/2021\/05\/Projekt-bez-tytulu-98-150x120.png 150w,https:\/\/www.motoplast.pl\/wp-content\/uploads\/2021\/05\/Projekt-bez-tytulu-98-300x240.png 300w,https:\/\/www.motoplast.pl\/wp-content\/uploads\/2021\/05\/Projekt-bez-tytulu-98-768x614.png 768w,https:\/\/www.motoplast.pl\/wp-content\/uploads\/2021\/05\/Projekt-bez-tytulu-98.png 500w\" data-ratio=\"1.25\" data-original-w=\"880\" sizes=\"(max-width:479px) 480px,(max-width:767px) 768px,(max-width:1023px) 1024px,500px\" \/>            \n                <\/div>\n    <\/div>\n\n<\/section><!-- widget-container -->\t\t<\/div>\n\t\t\t\t<\/div>\n\t\t\t\t\t\t<\/div>\n\t\t\t\t\t<\/div>\n\t\t<\/div>\n\t\t\t\t<div class=\"aux-parallax-section elementor-column elementor-col-66 elementor-top-column elementor-element elementor-element-55b2300\" data-id=\"55b2300\" data-element_type=\"column\">\n\t\t\t<div class=\"elementor-column-wrap elementor-element-populated\">\n\t\t\t\t\t\t\t<div class=\"elementor-widget-wrap\">\n\t\t\t\t\t\t<div class=\"elementor-element elementor-element-2e9816a aux-appear-watch-animation aux-fade-in-right-2 elementor-widget elementor-widget-aux_modern_heading\" data-id=\"2e9816a\" data-element_type=\"widget\" data-widget_type=\"aux_modern_heading.default\">\n\t\t\t\t<div class=\"elementor-widget-container\">\n\t\t\t<section class=\"aux-widget-modern-heading\">\n            <div class=\"aux-widget-inner\"><h2 class=\"aux-modern-heading-primary\"><\/h2><h3 class=\"aux-modern-heading-secondary\"><span class=\"aux-head-before\">RTM INJEKTION<\/span><\/h3><div class=\"aux-modern-heading-description\"><p><strong>RTM (ang. resin transfer molding) -\u00a0<\/strong>Diese Technologie besteht in der Herstellung der Laminaten in geschlossenen Formen. In die versiegelte und entsprechend verst\u00e4rkte Form, die zuvor mit Verst\u00e4rkungsfasern und \/ oder Abstandsmaterial gef\u00fcllt war, wird unter Druck ein Harz eingef\u00fchrt, das die Form des gew\u00fcnschten Produkts annimmt.<\/p><p>Diese Methode wird f\u00fcr die Serienproduktion empfohlen, wodurch die Kosten f\u00fcr den Erhalt eines Einheitsprodukts reduziert werden. Die Vorteile der RTM-Technologie sind hohe Produktfestigkeit, relativ kurze Umformzeit, mechanische Eigenschaften erm\u00f6glichen eine Reduzierung der Wandst\u00e4rke und eine beidseitig perfekt glatte Oberfl\u00e4che.<\/p><p>Die Herstellung von Produkten in RTM-Technologien erm\u00f6glicht es, die Styrolemissionen in die Umwelt deutlich zu reduzieren und damit die Geruchsbel\u00e4stigung bei der Herstellung von Laminaten zu reduzieren, was sowohl f\u00fcr Mitarbeiter als auch f\u00fcr die Umwelt ein gro\u00dfer Vorteil dieser Methode ist.<\/p><\/div><\/div>\n        <\/section>\t\t<\/div>\n\t\t\t\t<\/div>\n\t\t\t\t\t\t<\/div>\n\t\t\t\t\t<\/div>\n\t\t<\/div>\n\t\t\t\t\t\t\t\t<\/div>\n\t\t\t\t\t<\/div>\n\t\t<\/section>\n\t\t\t\t<section class=\"elementor-section elementor-top-section elementor-element elementor-element-e11a7a2 elementor-section-content-middle elementor-reverse-mobile elementor-section-boxed elementor-section-height-default elementor-section-height-default\" data-id=\"e11a7a2\" data-element_type=\"section\">\n\t\t\t\t\t\t<div class=\"elementor-container elementor-column-gap-no\">\n\t\t\t\t\t\t\t<div class=\"elementor-row\">\n\t\t\t\t\t<div class=\"aux-parallax-section elementor-column elementor-col-33 elementor-top-column elementor-element elementor-element-8dd7c04\" data-id=\"8dd7c04\" data-element_type=\"column\">\n\t\t\t<div class=\"elementor-column-wrap elementor-element-populated\">\n\t\t\t\t\t\t\t<div class=\"elementor-widget-wrap\">\n\t\t\t\t\t\t<div class=\"elementor-element elementor-element-a6a2d9d aux-appear-watch-animation aux-fade-in-right-2 elementor-widget elementor-widget-aux_modern_heading\" data-id=\"a6a2d9d\" data-element_type=\"widget\" data-widget_type=\"aux_modern_heading.default\">\n\t\t\t\t<div class=\"elementor-widget-container\">\n\t\t\t<section class=\"aux-widget-modern-heading\">\n            <div class=\"aux-widget-inner\"><h2 class=\"aux-modern-heading-primary\"><\/h2><h3 class=\"aux-modern-heading-secondary\"><span class=\"aux-head-before\">Vorteilen<\/span><\/h3><div class=\"aux-modern-heading-description\"><ul><li><p>Umweltschutz durch Reduzierung der Styrolemissionen<\/p><\/li><li><p>Produktqualit\u00e4t - glatte Oberfl\u00e4che auf beiden Seiten<\/p><\/li><li><p>Hohe Ma\u00dfgenauigkeit \u2013 hohe Wiederholbarkeit der Produkte<\/p><\/li><li><p>Die M\u00f6glichkeit der Verwendung von Sandwichmaterialien<\/p><\/li><li><p>Bessere Kontrolle des Herstellungsprozesses<\/p><\/li><li><p>Geringere Herstellungskosten (bei Serienfertigung)<\/p><\/li><\/ul><\/div><\/div>\n        <\/section>\t\t<\/div>\n\t\t\t\t<\/div>\n\t\t\t\t\t\t<\/div>\n\t\t\t\t\t<\/div>\n\t\t<\/div>\n\t\t\t\t<div class=\"aux-parallax-section elementor-column elementor-col-33 elementor-top-column elementor-element elementor-element-8af7ad0\" data-id=\"8af7ad0\" data-element_type=\"column\">\n\t\t\t<div class=\"elementor-column-wrap elementor-element-populated\">\n\t\t\t\t\t\t\t<div class=\"elementor-widget-wrap\">\n\t\t\t\t\t\t<div class=\"elementor-element elementor-element-e77cad2 aux-appear-watch-animation aux-fade-in-left-1 elementor-widget elementor-widget-aux_image\" data-id=\"e77cad2\" data-element_type=\"widget\" data-widget_type=\"aux_image.default\">\n\t\t\t\t<div class=\"elementor-widget-container\">\n\t\t\t<section class=\"widget-container aux-widget-image aux-alignnone aux-parent-aua3240d84\" style=\"\" >\n    <div class=\"aux-media-hint-frame \">\n        <div class=\"aux-media-image \" >\n        \n            \n\n            \n            <img loading=\"lazy\" width=\"400\" height=\"300\" src=\"https:\/\/www.motoplast.pl\/wp-content\/uploads\/2021\/05\/IMG_20201026_125901.png\" class=\"aux-attachment aux-featured-image aux-attachment-id-1098\" alt=\"IMG_20201026_125901\" srcset=\"https:\/\/www.motoplast.pl\/wp-content\/uploads\/2021\/05\/IMG_20201026_125901-150x113.png 150w,https:\/\/www.motoplast.pl\/wp-content\/uploads\/2021\/05\/IMG_20201026_125901-300x225.png 300w,https:\/\/www.motoplast.pl\/wp-content\/uploads\/2021\/05\/IMG_20201026_125901-768x576.png 768w,https:\/\/www.motoplast.pl\/wp-content\/uploads\/2021\/05\/IMG_20201026_125901-1024x768.png 1024w,https:\/\/www.motoplast.pl\/wp-content\/uploads\/2021\/05\/IMG_20201026_125901.png 400w\" data-ratio=\"1.33\" data-original-w=\"1600\" sizes=\"(max-width:479px) 480px,(max-width:767px) 768px,(max-width:1023px) 1024px,400px\" \/>            \n                <\/div>\n    <\/div>\n\n<\/section><!-- widget-container -->\t\t<\/div>\n\t\t\t\t<\/div>\n\t\t\t\t\t\t<\/div>\n\t\t\t\t\t<\/div>\n\t\t<\/div>\n\t\t\t\t<div class=\"aux-parallax-section elementor-column elementor-col-33 elementor-top-column elementor-element elementor-element-3dc4e57\" data-id=\"3dc4e57\" data-element_type=\"column\">\n\t\t\t<div class=\"elementor-column-wrap elementor-element-populated\">\n\t\t\t\t\t\t\t<div class=\"elementor-widget-wrap\">\n\t\t\t\t\t\t<div class=\"elementor-element elementor-element-4334ab9 aux-appear-watch-animation aux-fade-in-left-1 elementor-widget elementor-widget-aux_image\" data-id=\"4334ab9\" data-element_type=\"widget\" data-widget_type=\"aux_image.default\">\n\t\t\t\t<div class=\"elementor-widget-container\">\n\t\t\t<section class=\"widget-container aux-widget-image aux-alignnone aux-parent-au4930d026\" style=\"\" >\n    <div class=\"aux-media-hint-frame \">\n        <div class=\"aux-media-image \" >\n        \n            \n\n            \n            <img loading=\"lazy\" width=\"400\" height=\"300\" src=\"https:\/\/www.motoplast.pl\/wp-content\/uploads\/2021\/05\/03D40830-A8A8-45D5-8BC5-48C2B789EE94_1_105_c.jpeg\" class=\"aux-attachment aux-featured-image aux-attachment-id-1521\" alt=\"03D40830-A8A8-45D5-8BC5-48C2B789EE94_1_105_c\" srcset=\"https:\/\/www.motoplast.pl\/wp-content\/uploads\/2021\/05\/03D40830-A8A8-45D5-8BC5-48C2B789EE94_1_105_c-150x113.jpeg 150w,https:\/\/www.motoplast.pl\/wp-content\/uploads\/2021\/05\/03D40830-A8A8-45D5-8BC5-48C2B789EE94_1_105_c-300x225.jpeg 300w,https:\/\/www.motoplast.pl\/wp-content\/uploads\/2021\/05\/03D40830-A8A8-45D5-8BC5-48C2B789EE94_1_105_c-768x576.jpeg 768w,https:\/\/www.motoplast.pl\/wp-content\/uploads\/2021\/05\/03D40830-A8A8-45D5-8BC5-48C2B789EE94_1_105_c.jpeg 400w\" data-ratio=\"1.33\" data-original-w=\"1024\" sizes=\"(max-width:479px) 480px,(max-width:767px) 768px,(max-width:1023px) 1024px,400px\" \/>            \n                <\/div>\n    <\/div>\n\n<\/section><!-- widget-container -->\t\t<\/div>\n\t\t\t\t<\/div>\n\t\t\t\t\t\t<\/div>\n\t\t\t\t\t<\/div>\n\t\t<\/div>\n\t\t\t\t\t\t\t\t<\/div>\n\t\t\t\t\t<\/div>\n\t\t<\/section>\n\t\t\t\t\t\t<\/div>\n\t\t\t\t\t\t<\/div>\n\t\t\t\t\t<\/div>\n\t\t","protected":false},"excerpt":{"rendered":"<p>RTM INJEKTION RTM INJEKTION RTM (ang. resin transfer molding) &#8211;\u00a0Diese Technologie besteht in der Herstellung der Laminaten in geschlossenen Formen. In die versiegelte und entsprechend verst\u00e4rkte Form, die zuvor mit Verst\u00e4rkungsfasern und \/ oder Abstandsmaterial gef\u00fcllt war, wird unter Druck ein Harz eingef\u00fchrt, das die Form des gew\u00fcnschten Produkts annimmt. Diese Methode wird f\u00fcr die [&hellip;]<\/p>\n","protected":false},"author":1,"featured_media":0,"parent":2274,"menu_order":0,"comment_status":"closed","ping_status":"closed","template":"","meta":[],"yoast_head":"<!-- This site is optimized with the Yoast SEO plugin v16.4 - https:\/\/yoast.com\/wordpress\/plugins\/seo\/ -->\n<title>RTM INJEKTION - motoplast.pl<\/title>\n<meta name=\"robots\" content=\"index, follow, max-snippet:-1, max-image-preview:large, max-video-preview:-1\" \/>\n<link rel=\"canonical\" href=\"https:\/\/www.motoplast.pl\/index.php\/de\/home-de\/technologien\/rtm-injektion\/\" \/>\n<meta property=\"og:locale\" content=\"pl_PL\" \/>\n<meta property=\"og:type\" content=\"article\" \/>\n<meta property=\"og:title\" content=\"RTM INJEKTION - motoplast.pl\" \/>\n<meta property=\"og:description\" content=\"RTM INJEKTION RTM INJEKTION RTM (ang. resin transfer molding) &#8211;\u00a0Diese Technologie besteht in der Herstellung der Laminaten in geschlossenen Formen. In die versiegelte und entsprechend verst\u00e4rkte Form, die zuvor mit Verst\u00e4rkungsfasern und \/ oder Abstandsmaterial gef\u00fcllt war, wird unter Druck ein Harz eingef\u00fchrt, das die Form des gew\u00fcnschten Produkts annimmt. Diese Methode wird f\u00fcr die [&hellip;]\" \/>\n<meta property=\"og:url\" content=\"https:\/\/www.motoplast.pl\/index.php\/de\/home-de\/technologien\/rtm-injektion\/\" \/>\n<meta property=\"og:site_name\" content=\"motoplast.pl\" \/>\n<meta property=\"article:modified_time\" content=\"2021-07-30T10:03:47+00:00\" \/>\n<meta property=\"og:image\" content=\"http:\/\/www.motoplast.pl\/wp-content\/uploads\/2021\/05\/Projekt-bez-tytulu-98-500x400.png\" \/>\n<meta name=\"twitter:card\" content=\"summary_large_image\" \/>\n<meta name=\"twitter:label1\" content=\"Szacowany czas czytania\" \/>\n\t<meta name=\"twitter:data1\" content=\"2 minuty\" \/>\n<script type=\"application\/ld+json\" class=\"yoast-schema-graph\">{\"@context\":\"https:\/\/schema.org\",\"@graph\":[{\"@type\":\"WebSite\",\"@id\":\"https:\/\/www.motoplast.pl\/index.php\/en\/home-en\/#website\",\"url\":\"https:\/\/www.motoplast.pl\/index.php\/en\/home-en\/\",\"name\":\"motoplast.pl\",\"description\":\"motoplast.pl\",\"potentialAction\":[{\"@type\":\"SearchAction\",\"target\":\"https:\/\/www.motoplast.pl\/index.php\/en\/home-en\/?s={search_term_string}\",\"query-input\":\"required name=search_term_string\"}],\"inLanguage\":\"pl-PL\"},{\"@type\":\"ImageObject\",\"@id\":\"https:\/\/www.motoplast.pl\/index.php\/de\/home-de\/technologien\/rtm-injektion\/#primaryimage\",\"inLanguage\":\"pl-PL\",\"url\":\"http:\/\/www.motoplast.pl\/wp-content\/uploads\/2021\/05\/Projekt-bez-tytulu-98-500x400.png\",\"contentUrl\":\"http:\/\/www.motoplast.pl\/wp-content\/uploads\/2021\/05\/Projekt-bez-tytulu-98-500x400.png\"},{\"@type\":\"WebPage\",\"@id\":\"https:\/\/www.motoplast.pl\/index.php\/de\/home-de\/technologien\/rtm-injektion\/#webpage\",\"url\":\"https:\/\/www.motoplast.pl\/index.php\/de\/home-de\/technologien\/rtm-injektion\/\",\"name\":\"RTM INJEKTION - motoplast.pl\",\"isPartOf\":{\"@id\":\"https:\/\/www.motoplast.pl\/index.php\/en\/home-en\/#website\"},\"primaryImageOfPage\":{\"@id\":\"https:\/\/www.motoplast.pl\/index.php\/de\/home-de\/technologien\/rtm-injektion\/#primaryimage\"},\"datePublished\":\"2021-07-30T10:00:24+00:00\",\"dateModified\":\"2021-07-30T10:03:47+00:00\",\"breadcrumb\":{\"@id\":\"https:\/\/www.motoplast.pl\/index.php\/de\/home-de\/technologien\/rtm-injektion\/#breadcrumb\"},\"inLanguage\":\"pl-PL\",\"potentialAction\":[{\"@type\":\"ReadAction\",\"target\":[\"https:\/\/www.motoplast.pl\/index.php\/de\/home-de\/technologien\/rtm-injektion\/\"]}]},{\"@type\":\"BreadcrumbList\",\"@id\":\"https:\/\/www.motoplast.pl\/index.php\/de\/home-de\/technologien\/rtm-injektion\/#breadcrumb\",\"itemListElement\":[{\"@type\":\"ListItem\",\"position\":1,\"item\":{\"@type\":\"WebPage\",\"@id\":\"https:\/\/www.motoplast.pl\/\",\"url\":\"https:\/\/www.motoplast.pl\/\",\"name\":\"Strona g\\u0142\\u00f3wna\"}},{\"@type\":\"ListItem\",\"position\":2,\"item\":{\"@type\":\"WebPage\",\"@id\":\"https:\/\/www.motoplast.pl\/index.php\/de\/home-de\/\",\"url\":\"https:\/\/www.motoplast.pl\/index.php\/de\/home-de\/\",\"name\":\"HOME &#8211; DE\"}},{\"@type\":\"ListItem\",\"position\":3,\"item\":{\"@type\":\"WebPage\",\"@id\":\"https:\/\/www.motoplast.pl\/index.php\/de\/home-de\/technologien\/\",\"url\":\"https:\/\/www.motoplast.pl\/index.php\/de\/home-de\/technologien\/\",\"name\":\"TECHNOLOGIEN\"}},{\"@type\":\"ListItem\",\"position\":4,\"item\":{\"@id\":\"https:\/\/www.motoplast.pl\/index.php\/de\/home-de\/technologien\/rtm-injektion\/#webpage\"}}]}]}<\/script>\n<!-- \/ Yoast SEO plugin. -->","_links":{"self":[{"href":"https:\/\/www.motoplast.pl\/index.php\/wp-json\/wp\/v2\/pages\/2294"}],"collection":[{"href":"https:\/\/www.motoplast.pl\/index.php\/wp-json\/wp\/v2\/pages"}],"about":[{"href":"https:\/\/www.motoplast.pl\/index.php\/wp-json\/wp\/v2\/types\/page"}],"author":[{"embeddable":true,"href":"https:\/\/www.motoplast.pl\/index.php\/wp-json\/wp\/v2\/users\/1"}],"replies":[{"embeddable":true,"href":"https:\/\/www.motoplast.pl\/index.php\/wp-json\/wp\/v2\/comments?post=2294"}],"version-history":[{"count":4,"href":"https:\/\/www.motoplast.pl\/index.php\/wp-json\/wp\/v2\/pages\/2294\/revisions"}],"predecessor-version":[{"id":2298,"href":"https:\/\/www.motoplast.pl\/index.php\/wp-json\/wp\/v2\/pages\/2294\/revisions\/2298"}],"up":[{"embeddable":true,"href":"https:\/\/www.motoplast.pl\/index.php\/wp-json\/wp\/v2\/pages\/2274"}],"wp:attachment":[{"href":"https:\/\/www.motoplast.pl\/index.php\/wp-json\/wp\/v2\/media?parent=2294"}],"curies":[{"name":"wp","href":"https:\/\/api.w.org\/{rel}","templated":true}]}}