{"id":2289,"date":"2021-07-30T09:54:39","date_gmt":"2021-07-30T09:54:39","guid":{"rendered":"http:\/\/www.motoplast.pl\/?page_id=2289"},"modified":"2021-07-30T09:58:52","modified_gmt":"2021-07-30T09:58:52","slug":"pdcpd-rim-injektion","status":"publish","type":"page","link":"https:\/\/www.motoplast.pl\/index.php\/de\/home-de\/technologien\/pdcpd-rim-injektion\/","title":{"rendered":"pDCPD-RIM INJEKTION"},"content":{"rendered":"\t\t<div data-elementor-type=\"wp-page\" data-elementor-id=\"2289\" class=\"elementor elementor-2289\" data-elementor-settings=\"[]\">\n\t\t\t\t\t\t<div class=\"elementor-inner\">\n\t\t\t\t\t\t\t<div class=\"elementor-section-wrap\">\n\t\t\t\t\t\t\t<section class=\"elementor-section elementor-top-section elementor-element elementor-element-6a36846 elementor-section-full_width elementor-section-height-default elementor-section-height-default\" data-id=\"6a36846\" data-element_type=\"section\" data-settings=\"{&quot;background_background&quot;:&quot;classic&quot;}\">\n\t\t\t\t\t\t\t<div class=\"elementor-background-overlay\"><\/div>\n\t\t\t\t\t\t\t<div class=\"elementor-container elementor-column-gap-no\">\n\t\t\t\t\t\t\t<div class=\"elementor-row\">\n\t\t\t\t\t<div class=\"aux-parallax-section elementor-column elementor-col-100 elementor-top-column elementor-element elementor-element-4a3d1ae\" data-id=\"4a3d1ae\" data-element_type=\"column\" data-settings=\"{&quot;background_background&quot;:&quot;classic&quot;}\">\n\t\t\t<div class=\"elementor-column-wrap elementor-element-populated\">\n\t\t\t\t\t\t\t<div class=\"elementor-widget-wrap\">\n\t\t\t\t\t\t<div class=\"elementor-element elementor-element-facf61a aux-appear-watch-animation aux-fade-in-right-2 elementor-widget elementor-widget-aux_modern_heading\" data-id=\"facf61a\" data-element_type=\"widget\" data-widget_type=\"aux_modern_heading.default\">\n\t\t\t\t<div class=\"elementor-widget-container\">\n\t\t\t<section class=\"aux-widget-modern-heading\">\n            <div class=\"aux-widget-inner\"><h2 class=\"aux-modern-heading-primary\"><\/h2><h2 class=\"aux-modern-heading-secondary\"><span class=\"aux-head-before\">pDCPD-RIM INJEKTION<\/span><\/h2><\/div>\n        <\/section>\t\t<\/div>\n\t\t\t\t<\/div>\n\t\t\t\t\t\t<\/div>\n\t\t\t\t\t<\/div>\n\t\t<\/div>\n\t\t\t\t\t\t\t\t<\/div>\n\t\t\t\t\t<\/div>\n\t\t<\/section>\n\t\t\t\t<section class=\"elementor-section elementor-top-section elementor-element elementor-element-b3db42a elementor-section-content-middle elementor-reverse-mobile elementor-section-boxed elementor-section-height-default elementor-section-height-default\" data-id=\"b3db42a\" data-element_type=\"section\">\n\t\t\t\t\t\t<div class=\"elementor-container elementor-column-gap-no\">\n\t\t\t\t\t\t\t<div class=\"elementor-row\">\n\t\t\t\t\t<div class=\"aux-parallax-section elementor-column elementor-col-33 elementor-top-column elementor-element elementor-element-720a736\" data-id=\"720a736\" data-element_type=\"column\">\n\t\t\t<div class=\"elementor-column-wrap elementor-element-populated\">\n\t\t\t\t\t\t\t<div class=\"elementor-widget-wrap\">\n\t\t\t\t\t\t<div class=\"elementor-element elementor-element-e77cad2 aux-appear-watch-animation aux-fade-in-left-1 elementor-widget elementor-widget-aux_image\" data-id=\"e77cad2\" data-element_type=\"widget\" data-widget_type=\"aux_image.default\">\n\t\t\t\t<div class=\"elementor-widget-container\">\n\t\t\t<section class=\"widget-container aux-widget-image aux-alignnone aux-parent-au7d7caef9\" style=\"\" >\n    <div class=\"aux-media-hint-frame \">\n        <div class=\"aux-media-image \" >\n        \n            \n\n            \n            <img loading=\"lazy\" width=\"800\" height=\"750\" src=\"https:\/\/www.motoplast.pl\/wp-content\/uploads\/2021\/05\/Projekt-bez-tytulu-99.png\" class=\"aux-attachment aux-featured-image aux-attachment-id-1703\" alt=\"Projekt bez tytu\u0142u-99\" srcset=\"https:\/\/www.motoplast.pl\/wp-content\/uploads\/2021\/05\/Projekt-bez-tytulu-99-150x141.png 150w,https:\/\/www.motoplast.pl\/wp-content\/uploads\/2021\/05\/Projekt-bez-tytulu-99-300x281.png 300w,https:\/\/www.motoplast.pl\/wp-content\/uploads\/2021\/05\/Projekt-bez-tytulu-99-768x720.png 768w,https:\/\/www.motoplast.pl\/wp-content\/uploads\/2021\/05\/Projekt-bez-tytulu-99.png 800w\" data-ratio=\"1.07\" data-original-w=\"800\" sizes=\"(max-width:479px) 480px,(max-width:767px) 768px,(max-width:1023px) 1024px,800px\" \/>            \n                <\/div>\n    <\/div>\n\n<\/section><!-- widget-container -->\t\t<\/div>\n\t\t\t\t<\/div>\n\t\t\t\t\t\t<\/div>\n\t\t\t\t\t<\/div>\n\t\t<\/div>\n\t\t\t\t<div class=\"aux-parallax-section elementor-column elementor-col-66 elementor-top-column elementor-element elementor-element-55b2300\" data-id=\"55b2300\" data-element_type=\"column\">\n\t\t\t<div class=\"elementor-column-wrap elementor-element-populated\">\n\t\t\t\t\t\t\t<div class=\"elementor-widget-wrap\">\n\t\t\t\t\t\t<div class=\"elementor-element elementor-element-2e9816a aux-appear-watch-animation aux-fade-in-right-2 elementor-widget elementor-widget-aux_modern_heading\" data-id=\"2e9816a\" data-element_type=\"widget\" data-widget_type=\"aux_modern_heading.default\">\n\t\t\t\t<div class=\"elementor-widget-container\">\n\t\t\t<section class=\"aux-widget-modern-heading\">\n            <div class=\"aux-widget-inner\"><h2 class=\"aux-modern-heading-primary\"><\/h2><h3 class=\"aux-modern-heading-secondary\"><span class=\"aux-head-before\">pDCPD-RIM INJEKTION<\/span><\/h3><div class=\"aux-modern-heading-description\"><p><strong>pDCPD (z ang. Reaction Injection Moulding) -\u00a0<\/strong>Es ist ein Produktionsprozess, bei dem pDCPD-Harz in geschlossene, normalerweise Aluminiumformen injiziert wird. Diese Technologie erm\u00f6glicht es, Teile mit komplizierte, verschiedenen Formen zu erhalten.<\/p><p>Diese Technologie erm\u00f6glicht es, Teile mit komplexen Formen, verschiedenen Wandst\u00e4rken und die m\u00f6gliche Auswahl der Art der Befestigungselemente oder der Funktionsintegration zu erhalten.<\/p><p>Dieses Verfahren ist serientauglich und erm\u00f6glicht die Herstellung von gro\u00dfen und sehr gro\u00dfen Teilen, bei denen einzelne Details unabh\u00e4ngig von ihrer Dicke bis zu mehreren hundert Kilogramm erreichen k\u00f6nnen.<\/p><p>Polymere mit solch hoher Leistungsf\u00e4higkeit zeichnen sich zudem durch eine hohe Oberfl\u00e4cheng\u00fcte bei gleichzeitig guten mechanischen Eigenschaften, Witterungsbest\u00e4ndigkeit und Einwirkung aggressiver Medien aus.<\/p><\/div><\/div>\n        <\/section>\t\t<\/div>\n\t\t\t\t<\/div>\n\t\t\t\t\t\t<\/div>\n\t\t\t\t\t<\/div>\n\t\t<\/div>\n\t\t\t\t\t\t\t\t<\/div>\n\t\t\t\t\t<\/div>\n\t\t<\/section>\n\t\t\t\t<section class=\"elementor-section elementor-top-section elementor-element elementor-element-e11a7a2 elementor-section-content-middle elementor-reverse-mobile elementor-section-boxed elementor-section-height-default elementor-section-height-default\" data-id=\"e11a7a2\" data-element_type=\"section\">\n\t\t\t\t\t\t<div class=\"elementor-container elementor-column-gap-no\">\n\t\t\t\t\t\t\t<div class=\"elementor-row\">\n\t\t\t\t\t<div class=\"aux-parallax-section elementor-column elementor-col-33 elementor-top-column elementor-element elementor-element-8dd7c04\" data-id=\"8dd7c04\" data-element_type=\"column\">\n\t\t\t<div class=\"elementor-column-wrap elementor-element-populated\">\n\t\t\t\t\t\t\t<div class=\"elementor-widget-wrap\">\n\t\t\t\t\t\t<div class=\"elementor-element elementor-element-a6a2d9d aux-appear-watch-animation aux-fade-in-right-2 elementor-widget elementor-widget-aux_modern_heading\" data-id=\"a6a2d9d\" data-element_type=\"widget\" data-widget_type=\"aux_modern_heading.default\">\n\t\t\t\t<div class=\"elementor-widget-container\">\n\t\t\t<section class=\"aux-widget-modern-heading\">\n            <div class=\"aux-widget-inner\"><h2 class=\"aux-modern-heading-primary\"><\/h2><h3 class=\"aux-modern-heading-secondary\"><span class=\"aux-head-before\">Vorteilen<\/span><\/h3><div class=\"aux-modern-heading-description\"><ul><li><p>Gro\u00dfe Gestaltungsfreiheit und Erzielung komplexer Formen,<\/p><\/li><li><p>Hohe chemische Best\u00e4ndigkeit,<\/p><\/li><li><p>Leichtigkeit der Teile,<\/p><\/li><li><p>Die M\u00f6glichkeit, Teile bis zu mehreren hundert Kilogramm mit einer einzigen Injektion zu erhalten<\/p><\/li><li><p>Hohe Steifigkeit und mechanische Best\u00e4ndigkeit,<\/p><\/li><li><p>Hohe Oberfl\u00e4chenqualit\u00e4t.<\/p><p>\u00a0<\/p><\/li><\/ul><\/div><\/div>\n        <\/section>\t\t<\/div>\n\t\t\t\t<\/div>\n\t\t\t\t\t\t<\/div>\n\t\t\t\t\t<\/div>\n\t\t<\/div>\n\t\t\t\t<div class=\"aux-parallax-section elementor-column elementor-col-33 elementor-top-column elementor-element elementor-element-93ab0d4\" data-id=\"93ab0d4\" data-element_type=\"column\">\n\t\t\t<div class=\"elementor-column-wrap elementor-element-populated\">\n\t\t\t\t\t\t\t<div class=\"elementor-widget-wrap\">\n\t\t\t\t\t\t<div class=\"elementor-element elementor-element-4c7d409 aux-appear-watch-animation aux-fade-in-left-1 elementor-widget elementor-widget-aux_image\" data-id=\"4c7d409\" data-element_type=\"widget\" data-widget_type=\"aux_image.default\">\n\t\t\t\t<div class=\"elementor-widget-container\">\n\t\t\t<section class=\"widget-container aux-widget-image aux-alignnone aux-parent-au91a8ddfb\" style=\"\" >\n    <div class=\"aux-media-hint-frame \">\n        <div class=\"aux-media-image \" >\n        \n            \n\n            \n            <img loading=\"lazy\" width=\"800\" height=\"650\" src=\"https:\/\/www.motoplast.pl\/wp-content\/uploads\/2021\/05\/Projekt-bez-tytulu-96.png\" class=\"aux-attachment aux-featured-image aux-attachment-id-1083\" alt=\"Projekt bez tytu\u0142u-96\" srcset=\"https:\/\/www.motoplast.pl\/wp-content\/uploads\/2021\/05\/Projekt-bez-tytulu-96-150x111.png 150w,https:\/\/www.motoplast.pl\/wp-content\/uploads\/2021\/05\/Projekt-bez-tytulu-96-300x222.png 300w,https:\/\/www.motoplast.pl\/wp-content\/uploads\/2021\/05\/Projekt-bez-tytulu-96-768x567.png 768w,https:\/\/www.motoplast.pl\/wp-content\/uploads\/2021\/05\/Projekt-bez-tytulu-96.png 800w\" data-ratio=\"1.35\" data-original-w=\"800\" sizes=\"(max-width:479px) 480px,(max-width:767px) 768px,(max-width:1023px) 1024px,800px\" \/>            \n                <\/div>\n    <\/div>\n\n<\/section><!-- widget-container -->\t\t<\/div>\n\t\t\t\t<\/div>\n\t\t\t\t\t\t<\/div>\n\t\t\t\t\t<\/div>\n\t\t<\/div>\n\t\t\t\t<div class=\"aux-parallax-section elementor-column elementor-col-33 elementor-top-column elementor-element elementor-element-f3fbea2\" data-id=\"f3fbea2\" data-element_type=\"column\">\n\t\t\t<div class=\"elementor-column-wrap elementor-element-populated\">\n\t\t\t\t\t\t\t<div class=\"elementor-widget-wrap\">\n\t\t\t\t\t\t<div class=\"elementor-element elementor-element-b27b959 aux-appear-watch-animation aux-fade-in-left-1 elementor-widget elementor-widget-aux_image\" data-id=\"b27b959\" data-element_type=\"widget\" data-widget_type=\"aux_image.default\">\n\t\t\t\t<div class=\"elementor-widget-container\">\n\t\t\t<section class=\"widget-container aux-widget-image aux-alignnone aux-parent-aucb71b41c\" style=\"\" >\n    <div class=\"aux-media-hint-frame \">\n        <div class=\"aux-media-image \" >\n        \n            \n\n            \n            <img loading=\"lazy\" width=\"880\" height=\"650\" src=\"https:\/\/www.motoplast.pl\/wp-content\/uploads\/2021\/05\/20160505_135550-scaled.jpg\" class=\"aux-attachment aux-featured-image aux-attachment-id-1594\" alt=\"20160505_135550\" srcset=\"https:\/\/www.motoplast.pl\/wp-content\/uploads\/2021\/05\/20160505_135550-scaled-150x111.jpg 150w,https:\/\/www.motoplast.pl\/wp-content\/uploads\/2021\/05\/20160505_135550-scaled-300x222.jpg 300w,https:\/\/www.motoplast.pl\/wp-content\/uploads\/2021\/05\/20160505_135550-scaled-768x567.jpg 768w,https:\/\/www.motoplast.pl\/wp-content\/uploads\/2021\/05\/20160505_135550-scaled-1024x756.jpg 1024w,https:\/\/www.motoplast.pl\/wp-content\/uploads\/2021\/05\/20160505_135550-scaled.jpg 880w\" data-ratio=\"1.35\" data-original-w=\"2560\" sizes=\"(max-width:479px) 480px,(max-width:767px) 768px,(max-width:1023px) 1024px,880px\" \/>            \n                <\/div>\n    <\/div>\n\n<\/section><!-- widget-container -->\t\t<\/div>\n\t\t\t\t<\/div>\n\t\t\t\t\t\t<\/div>\n\t\t\t\t\t<\/div>\n\t\t<\/div>\n\t\t\t\t\t\t\t\t<\/div>\n\t\t\t\t\t<\/div>\n\t\t<\/section>\n\t\t\t\t\t\t<\/div>\n\t\t\t\t\t\t<\/div>\n\t\t\t\t\t<\/div>\n\t\t","protected":false},"excerpt":{"rendered":"<p>pDCPD-RIM INJEKTION pDCPD-RIM INJEKTION pDCPD (z ang. Reaction Injection Moulding) &#8211;\u00a0Es ist ein Produktionsprozess, bei dem pDCPD-Harz in geschlossene, normalerweise Aluminiumformen injiziert wird. Diese Technologie erm\u00f6glicht es, Teile mit komplizierte, verschiedenen Formen zu erhalten. Diese Technologie erm\u00f6glicht es, Teile mit komplexen Formen, verschiedenen Wandst\u00e4rken und die m\u00f6gliche Auswahl der Art der Befestigungselemente oder der Funktionsintegration [&hellip;]<\/p>\n","protected":false},"author":1,"featured_media":0,"parent":2274,"menu_order":0,"comment_status":"closed","ping_status":"closed","template":"","meta":[],"yoast_head":"<!-- This site is optimized with the Yoast SEO plugin v16.4 - https:\/\/yoast.com\/wordpress\/plugins\/seo\/ -->\n<title>pDCPD-RIM INJEKTION - motoplast.pl<\/title>\n<meta name=\"robots\" content=\"index, follow, max-snippet:-1, max-image-preview:large, max-video-preview:-1\" \/>\n<link rel=\"canonical\" href=\"https:\/\/www.motoplast.pl\/index.php\/de\/home-de\/technologien\/pdcpd-rim-injektion\/\" \/>\n<meta property=\"og:locale\" content=\"pl_PL\" \/>\n<meta property=\"og:type\" content=\"article\" \/>\n<meta property=\"og:title\" content=\"pDCPD-RIM INJEKTION - motoplast.pl\" \/>\n<meta property=\"og:description\" content=\"pDCPD-RIM INJEKTION pDCPD-RIM INJEKTION pDCPD (z ang. Reaction Injection Moulding) &#8211;\u00a0Es ist ein Produktionsprozess, bei dem pDCPD-Harz in geschlossene, normalerweise Aluminiumformen injiziert wird. Diese Technologie erm\u00f6glicht es, Teile mit komplizierte, verschiedenen Formen zu erhalten. Diese Technologie erm\u00f6glicht es, Teile mit komplexen Formen, verschiedenen Wandst\u00e4rken und die m\u00f6gliche Auswahl der Art der Befestigungselemente oder der Funktionsintegration [&hellip;]\" \/>\n<meta property=\"og:url\" content=\"https:\/\/www.motoplast.pl\/index.php\/de\/home-de\/technologien\/pdcpd-rim-injektion\/\" \/>\n<meta property=\"og:site_name\" content=\"motoplast.pl\" \/>\n<meta property=\"article:modified_time\" content=\"2021-07-30T09:58:52+00:00\" \/>\n<meta property=\"og:image\" content=\"http:\/\/www.motoplast.pl\/wp-content\/uploads\/2021\/05\/Projekt-bez-tytulu-99-800x750.png\" \/>\n<meta name=\"twitter:card\" content=\"summary_large_image\" \/>\n<meta name=\"twitter:label1\" content=\"Szacowany czas czytania\" \/>\n\t<meta name=\"twitter:data1\" content=\"2 minuty\" \/>\n<script type=\"application\/ld+json\" class=\"yoast-schema-graph\">{\"@context\":\"https:\/\/schema.org\",\"@graph\":[{\"@type\":\"WebSite\",\"@id\":\"https:\/\/www.motoplast.pl\/index.php\/en\/home-en\/#website\",\"url\":\"https:\/\/www.motoplast.pl\/index.php\/en\/home-en\/\",\"name\":\"motoplast.pl\",\"description\":\"motoplast.pl\",\"potentialAction\":[{\"@type\":\"SearchAction\",\"target\":\"https:\/\/www.motoplast.pl\/index.php\/en\/home-en\/?s={search_term_string}\",\"query-input\":\"required name=search_term_string\"}],\"inLanguage\":\"pl-PL\"},{\"@type\":\"ImageObject\",\"@id\":\"https:\/\/www.motoplast.pl\/index.php\/de\/home-de\/technologien\/pdcpd-rim-injektion\/#primaryimage\",\"inLanguage\":\"pl-PL\",\"url\":\"http:\/\/www.motoplast.pl\/wp-content\/uploads\/2021\/05\/Projekt-bez-tytulu-99-800x750.png\",\"contentUrl\":\"http:\/\/www.motoplast.pl\/wp-content\/uploads\/2021\/05\/Projekt-bez-tytulu-99-800x750.png\"},{\"@type\":\"WebPage\",\"@id\":\"https:\/\/www.motoplast.pl\/index.php\/de\/home-de\/technologien\/pdcpd-rim-injektion\/#webpage\",\"url\":\"https:\/\/www.motoplast.pl\/index.php\/de\/home-de\/technologien\/pdcpd-rim-injektion\/\",\"name\":\"pDCPD-RIM INJEKTION - motoplast.pl\",\"isPartOf\":{\"@id\":\"https:\/\/www.motoplast.pl\/index.php\/en\/home-en\/#website\"},\"primaryImageOfPage\":{\"@id\":\"https:\/\/www.motoplast.pl\/index.php\/de\/home-de\/technologien\/pdcpd-rim-injektion\/#primaryimage\"},\"datePublished\":\"2021-07-30T09:54:39+00:00\",\"dateModified\":\"2021-07-30T09:58:52+00:00\",\"breadcrumb\":{\"@id\":\"https:\/\/www.motoplast.pl\/index.php\/de\/home-de\/technologien\/pdcpd-rim-injektion\/#breadcrumb\"},\"inLanguage\":\"pl-PL\",\"potentialAction\":[{\"@type\":\"ReadAction\",\"target\":[\"https:\/\/www.motoplast.pl\/index.php\/de\/home-de\/technologien\/pdcpd-rim-injektion\/\"]}]},{\"@type\":\"BreadcrumbList\",\"@id\":\"https:\/\/www.motoplast.pl\/index.php\/de\/home-de\/technologien\/pdcpd-rim-injektion\/#breadcrumb\",\"itemListElement\":[{\"@type\":\"ListItem\",\"position\":1,\"item\":{\"@type\":\"WebPage\",\"@id\":\"https:\/\/www.motoplast.pl\/\",\"url\":\"https:\/\/www.motoplast.pl\/\",\"name\":\"Strona g\\u0142\\u00f3wna\"}},{\"@type\":\"ListItem\",\"position\":2,\"item\":{\"@type\":\"WebPage\",\"@id\":\"https:\/\/www.motoplast.pl\/index.php\/de\/home-de\/\",\"url\":\"https:\/\/www.motoplast.pl\/index.php\/de\/home-de\/\",\"name\":\"HOME &#8211; DE\"}},{\"@type\":\"ListItem\",\"position\":3,\"item\":{\"@type\":\"WebPage\",\"@id\":\"https:\/\/www.motoplast.pl\/index.php\/de\/home-de\/technologien\/\",\"url\":\"https:\/\/www.motoplast.pl\/index.php\/de\/home-de\/technologien\/\",\"name\":\"TECHNOLOGIEN\"}},{\"@type\":\"ListItem\",\"position\":4,\"item\":{\"@id\":\"https:\/\/www.motoplast.pl\/index.php\/de\/home-de\/technologien\/pdcpd-rim-injektion\/#webpage\"}}]}]}<\/script>\n<!-- \/ Yoast SEO plugin. -->","_links":{"self":[{"href":"https:\/\/www.motoplast.pl\/index.php\/wp-json\/wp\/v2\/pages\/2289"}],"collection":[{"href":"https:\/\/www.motoplast.pl\/index.php\/wp-json\/wp\/v2\/pages"}],"about":[{"href":"https:\/\/www.motoplast.pl\/index.php\/wp-json\/wp\/v2\/types\/page"}],"author":[{"embeddable":true,"href":"https:\/\/www.motoplast.pl\/index.php\/wp-json\/wp\/v2\/users\/1"}],"replies":[{"embeddable":true,"href":"https:\/\/www.motoplast.pl\/index.php\/wp-json\/wp\/v2\/comments?post=2289"}],"version-history":[{"count":4,"href":"https:\/\/www.motoplast.pl\/index.php\/wp-json\/wp\/v2\/pages\/2289\/revisions"}],"predecessor-version":[{"id":2293,"href":"https:\/\/www.motoplast.pl\/index.php\/wp-json\/wp\/v2\/pages\/2289\/revisions\/2293"}],"up":[{"embeddable":true,"href":"https:\/\/www.motoplast.pl\/index.php\/wp-json\/wp\/v2\/pages\/2274"}],"wp:attachment":[{"href":"https:\/\/www.motoplast.pl\/index.php\/wp-json\/wp\/v2\/media?parent=2289"}],"curies":[{"name":"wp","href":"https:\/\/api.w.org\/{rel}","templated":true}]}}