{"id":2279,"date":"2021-07-30T09:45:33","date_gmt":"2021-07-30T09:45:33","guid":{"rendered":"http:\/\/www.motoplast.pl\/?page_id=2279"},"modified":"2021-07-30T09:48:30","modified_gmt":"2021-07-30T09:48:30","slug":"manuelle-laminierung","status":"publish","type":"page","link":"https:\/\/www.motoplast.pl\/index.php\/de\/home-de\/technologien\/manuelle-laminierung\/","title":{"rendered":"MANUELLE LAMINIERUNG"},"content":{"rendered":"\t\t<div data-elementor-type=\"wp-page\" data-elementor-id=\"2279\" class=\"elementor elementor-2279\" data-elementor-settings=\"[]\">\n\t\t\t\t\t\t<div class=\"elementor-inner\">\n\t\t\t\t\t\t\t<div class=\"elementor-section-wrap\">\n\t\t\t\t\t\t\t<section class=\"elementor-section elementor-top-section elementor-element elementor-element-6a36846 elementor-section-full_width elementor-section-height-default elementor-section-height-default\" data-id=\"6a36846\" data-element_type=\"section\" data-settings=\"{&quot;background_background&quot;:&quot;classic&quot;}\">\n\t\t\t\t\t\t\t<div class=\"elementor-background-overlay\"><\/div>\n\t\t\t\t\t\t\t<div class=\"elementor-container elementor-column-gap-no\">\n\t\t\t\t\t\t\t<div class=\"elementor-row\">\n\t\t\t\t\t<div class=\"aux-parallax-section elementor-column elementor-col-100 elementor-top-column elementor-element elementor-element-4a3d1ae\" data-id=\"4a3d1ae\" data-element_type=\"column\" data-settings=\"{&quot;background_background&quot;:&quot;classic&quot;}\">\n\t\t\t<div class=\"elementor-column-wrap elementor-element-populated\">\n\t\t\t\t\t\t\t<div class=\"elementor-widget-wrap\">\n\t\t\t\t\t\t<div class=\"elementor-element elementor-element-facf61a aux-appear-watch-animation aux-fade-in-right-2 elementor-widget elementor-widget-aux_modern_heading\" data-id=\"facf61a\" data-element_type=\"widget\" data-widget_type=\"aux_modern_heading.default\">\n\t\t\t\t<div class=\"elementor-widget-container\">\n\t\t\t<section class=\"aux-widget-modern-heading\">\n            <div class=\"aux-widget-inner\"><h2 class=\"aux-modern-heading-primary\"><\/h2><h2 class=\"aux-modern-heading-secondary\"><span class=\"aux-head-before\">MANUELLE LAMINIERUNG<\/span><\/h2><\/div>\n        <\/section>\t\t<\/div>\n\t\t\t\t<\/div>\n\t\t\t\t\t\t<\/div>\n\t\t\t\t\t<\/div>\n\t\t<\/div>\n\t\t\t\t\t\t\t\t<\/div>\n\t\t\t\t\t<\/div>\n\t\t<\/section>\n\t\t\t\t<section class=\"elementor-section elementor-top-section elementor-element elementor-element-b3db42a elementor-section-content-middle elementor-reverse-mobile elementor-section-boxed elementor-section-height-default elementor-section-height-default\" data-id=\"b3db42a\" data-element_type=\"section\">\n\t\t\t\t\t\t<div class=\"elementor-container elementor-column-gap-no\">\n\t\t\t\t\t\t\t<div class=\"elementor-row\">\n\t\t\t\t\t<div class=\"aux-parallax-section elementor-column elementor-col-33 elementor-top-column elementor-element elementor-element-720a736\" data-id=\"720a736\" data-element_type=\"column\">\n\t\t\t<div class=\"elementor-column-wrap elementor-element-populated\">\n\t\t\t\t\t\t\t<div class=\"elementor-widget-wrap\">\n\t\t\t\t\t\t<div class=\"elementor-element elementor-element-e77cad2 aux-appear-watch-animation aux-fade-in-left-1 elementor-widget elementor-widget-aux_image\" data-id=\"e77cad2\" data-element_type=\"widget\" data-widget_type=\"aux_image.default\">\n\t\t\t\t<div class=\"elementor-widget-container\">\n\t\t\t<section class=\"widget-container aux-widget-image aux-alignnone aux-parent-au32f2d299\" style=\"\" >\n    <div class=\"aux-media-hint-frame \">\n        <div class=\"aux-media-image \" >\n        \n            \n\n            \n            <img loading=\"lazy\" width=\"850\" height=\"550\" src=\"https:\/\/www.motoplast.pl\/wp-content\/uploads\/2021\/05\/e2e78d78-77b8-493d-ade7-d14f6a744284.jpg\" class=\"aux-attachment aux-featured-image aux-attachment-id-1125\" alt=\"e2e78d78-77b8-493d-ade7-d14f6a744284\" srcset=\"https:\/\/www.motoplast.pl\/wp-content\/uploads\/2021\/05\/e2e78d78-77b8-493d-ade7-d14f6a744284-150x97.jpg 150w,https:\/\/www.motoplast.pl\/wp-content\/uploads\/2021\/05\/e2e78d78-77b8-493d-ade7-d14f6a744284-300x194.jpg 300w,https:\/\/www.motoplast.pl\/wp-content\/uploads\/2021\/05\/e2e78d78-77b8-493d-ade7-d14f6a744284-768x497.jpg 768w,https:\/\/www.motoplast.pl\/wp-content\/uploads\/2021\/05\/e2e78d78-77b8-493d-ade7-d14f6a744284-1024x663.jpg 1024w,https:\/\/www.motoplast.pl\/wp-content\/uploads\/2021\/05\/e2e78d78-77b8-493d-ade7-d14f6a744284.jpg 850w\" data-ratio=\"1.55\" data-original-w=\"1328\" sizes=\"(max-width:479px) 480px,(max-width:767px) 768px,(max-width:1023px) 1024px,850px\" \/>            \n                <\/div>\n    <\/div>\n\n<\/section><!-- widget-container -->\t\t<\/div>\n\t\t\t\t<\/div>\n\t\t\t\t\t\t<\/div>\n\t\t\t\t\t<\/div>\n\t\t<\/div>\n\t\t\t\t<div class=\"aux-parallax-section elementor-column elementor-col-66 elementor-top-column elementor-element elementor-element-55b2300\" data-id=\"55b2300\" data-element_type=\"column\">\n\t\t\t<div class=\"elementor-column-wrap elementor-element-populated\">\n\t\t\t\t\t\t\t<div class=\"elementor-widget-wrap\">\n\t\t\t\t\t\t<div class=\"elementor-element elementor-element-2e9816a aux-appear-watch-animation aux-fade-in-right-2 elementor-widget elementor-widget-aux_modern_heading\" data-id=\"2e9816a\" data-element_type=\"widget\" data-widget_type=\"aux_modern_heading.default\">\n\t\t\t\t<div class=\"elementor-widget-container\">\n\t\t\t<section class=\"aux-widget-modern-heading\">\n            <div class=\"aux-widget-inner\"><h2 class=\"aux-modern-heading-primary\"><\/h2><h3 class=\"aux-modern-heading-secondary\"><span class=\"aux-head-before\">MANUELLE LAMINIERUNG<\/span><\/h3><div class=\"aux-modern-heading-description\"><p>Die beliebteste und einfachste Methode zur Herstellung von Verbundwerkstoffen aus Polyester-Glas-Laminat ist die manuelle Laminierung. Es ist eine Methode, um aufeinanderfolgende Verst\u00e4rkung Geschichten zu \u00fcberlappen und filtern sie beim Harz mit der Walzen und die Pinsel.<\/p><p>Abh\u00e4ngig von den verwendeten Materialien werden entsprechende physikalische und chemische Eigenschaften sowie die Dicke des Elements erhalten. Geeignete Materialien zur Aufrechterhaltung geeigneter physikalisch-mechanischer Eigenschaften unter Verwendung dieses Verfahrens sind; Glasmatten, technische Gewebe, Schleier, Kernmatten.<span class=\"Apple-converted-space\">\u00a0<\/span><\/p><p>Das manuelle Verfahren wird in der Einzel- und Kleinserienfertigung verwendet.<\/p><\/div><\/div>\n        <\/section>\t\t<\/div>\n\t\t\t\t<\/div>\n\t\t\t\t\t\t<\/div>\n\t\t\t\t\t<\/div>\n\t\t<\/div>\n\t\t\t\t\t\t\t\t<\/div>\n\t\t\t\t\t<\/div>\n\t\t<\/section>\n\t\t\t\t<section class=\"elementor-section elementor-top-section elementor-element elementor-element-e11a7a2 elementor-section-content-middle elementor-reverse-mobile elementor-section-boxed elementor-section-height-default elementor-section-height-default\" data-id=\"e11a7a2\" data-element_type=\"section\">\n\t\t\t\t\t\t<div class=\"elementor-container elementor-column-gap-no\">\n\t\t\t\t\t\t\t<div class=\"elementor-row\">\n\t\t\t\t\t<div class=\"aux-parallax-section elementor-column elementor-col-33 elementor-top-column elementor-element elementor-element-8dd7c04\" data-id=\"8dd7c04\" data-element_type=\"column\">\n\t\t\t<div class=\"elementor-column-wrap elementor-element-populated\">\n\t\t\t\t\t\t\t<div class=\"elementor-widget-wrap\">\n\t\t\t\t\t\t<div class=\"elementor-element elementor-element-a6a2d9d aux-appear-watch-animation aux-fade-in-right-2 elementor-widget elementor-widget-aux_modern_heading\" data-id=\"a6a2d9d\" data-element_type=\"widget\" data-widget_type=\"aux_modern_heading.default\">\n\t\t\t\t<div class=\"elementor-widget-container\">\n\t\t\t<section class=\"aux-widget-modern-heading\">\n            <div class=\"aux-widget-inner\"><h2 class=\"aux-modern-heading-primary\"><\/h2><h3 class=\"aux-modern-heading-secondary\"><span class=\"aux-head-before\">Vorteilen<\/span><\/h3><div class=\"aux-modern-heading-description\"><ul><li>Freiheit bei der Gestaltung von Produkten in Bezug auf Gr\u00f6\u00dfe, Gewicht, Komplexit\u00e4t, Struktur,<br \/><br \/><\/li><li>Relativ kurze Vorbereitungszeit der Werkzeuge (Modell + Form),<br \/><br \/><\/li><li>Schnell Prototypisierung durch Herstellung von Prototypwerkzeugen mit der M\u00f6glichkeit, gleichzeitig vollwertige Elemente zu produzieren,<br \/><br \/><\/li><li>Niedrige Produktionsanlaufkosten,<br \/><br \/><\/li><li>Haupts\u00e4chlich in der Einzel- und Kleinserienfertigung eingesetzt,<br \/><br \/><\/li><li>Die M\u00f6glichkeit von Detail\u00e4nderungen in der Produktionsphase.<\/li><\/ul><\/div><\/div>\n        <\/section>\t\t<\/div>\n\t\t\t\t<\/div>\n\t\t\t\t\t\t<\/div>\n\t\t\t\t\t<\/div>\n\t\t<\/div>\n\t\t\t\t<div class=\"aux-parallax-section elementor-column elementor-col-33 elementor-top-column elementor-element elementor-element-7e47bff\" data-id=\"7e47bff\" data-element_type=\"column\">\n\t\t\t<div class=\"elementor-column-wrap elementor-element-populated\">\n\t\t\t\t\t\t\t<div class=\"elementor-widget-wrap\">\n\t\t\t\t\t\t<div class=\"elementor-element elementor-element-950cdc9 aux-appear-watch-animation aux-fade-in-left-1 elementor-widget elementor-widget-aux_image\" data-id=\"950cdc9\" data-element_type=\"widget\" data-widget_type=\"aux_image.default\">\n\t\t\t\t<div class=\"elementor-widget-container\">\n\t\t\t<section class=\"widget-container aux-widget-image aux-alignnone aux-parent-au2cb6ff3b\" style=\"\" >\n    <div class=\"aux-media-hint-frame \">\n        <div class=\"aux-media-image \" >\n        \n            \n\n            \n            <img loading=\"lazy\" width=\"2560\" height=\"2560\" src=\"https:\/\/www.motoplast.pl\/wp-content\/uploads\/2021\/05\/DSC_0149-scaled.jpg\" class=\"aux-attachment aux-featured-image aux-attachment-id-1540\" alt=\"DSC_0149\" data-ratio=\"1\" data-original-w=\"2560\" \/>            \n                <\/div>\n    <\/div>\n\n<\/section><!-- widget-container -->\t\t<\/div>\n\t\t\t\t<\/div>\n\t\t\t\t\t\t<\/div>\n\t\t\t\t\t<\/div>\n\t\t<\/div>\n\t\t\t\t<div class=\"aux-parallax-section elementor-column elementor-col-33 elementor-top-column elementor-element elementor-element-8af7ad0\" data-id=\"8af7ad0\" data-element_type=\"column\">\n\t\t\t<div class=\"elementor-column-wrap elementor-element-populated\">\n\t\t\t\t\t\t\t<div class=\"elementor-widget-wrap\">\n\t\t\t\t\t\t<div class=\"elementor-element elementor-element-77b293f aux-appear-watch-animation aux-fade-in-left-1 elementor-widget elementor-widget-aux_image\" data-id=\"77b293f\" data-element_type=\"widget\" data-widget_type=\"aux_image.default\">\n\t\t\t\t<div class=\"elementor-widget-container\">\n\t\t\t<section class=\"widget-container aux-widget-image aux-alignnone aux-parent-au2fa922cc\" style=\"\" >\n    <div class=\"aux-media-hint-frame \">\n        <div class=\"aux-media-image \" >\n        \n            \n\n            \n            <img loading=\"lazy\" width=\"880\" height=\"600\" src=\"https:\/\/www.motoplast.pl\/wp-content\/uploads\/2021\/05\/DSC_0258-scaled.jpg\" class=\"aux-attachment aux-featured-image aux-attachment-id-1547\" alt=\"DSC_0258\" srcset=\"https:\/\/www.motoplast.pl\/wp-content\/uploads\/2021\/05\/DSC_0258-scaled-150x102.jpg 150w,https:\/\/www.motoplast.pl\/wp-content\/uploads\/2021\/05\/DSC_0258-scaled-300x205.jpg 300w,https:\/\/www.motoplast.pl\/wp-content\/uploads\/2021\/05\/DSC_0258-scaled-768x524.jpg 768w,https:\/\/www.motoplast.pl\/wp-content\/uploads\/2021\/05\/DSC_0258-scaled-1024x698.jpg 1024w,https:\/\/www.motoplast.pl\/wp-content\/uploads\/2021\/05\/DSC_0258-scaled.jpg 880w\" data-ratio=\"1.47\" data-original-w=\"2560\" sizes=\"(max-width:479px) 480px,(max-width:767px) 768px,(max-width:1023px) 1024px,880px\" \/>            \n                <\/div>\n    <\/div>\n\n<\/section><!-- widget-container -->\t\t<\/div>\n\t\t\t\t<\/div>\n\t\t\t\t\t\t<\/div>\n\t\t\t\t\t<\/div>\n\t\t<\/div>\n\t\t\t\t\t\t\t\t<\/div>\n\t\t\t\t\t<\/div>\n\t\t<\/section>\n\t\t\t\t\t\t<\/div>\n\t\t\t\t\t\t<\/div>\n\t\t\t\t\t<\/div>\n\t\t","protected":false},"excerpt":{"rendered":"<p>MANUELLE LAMINIERUNG MANUELLE LAMINIERUNG Die beliebteste und einfachste Methode zur Herstellung von Verbundwerkstoffen aus Polyester-Glas-Laminat ist die manuelle Laminierung. Es ist eine Methode, um aufeinanderfolgende Verst\u00e4rkung Geschichten zu \u00fcberlappen und filtern sie beim Harz mit der Walzen und die Pinsel. Abh\u00e4ngig von den verwendeten Materialien werden entsprechende physikalische und chemische Eigenschaften sowie die Dicke des [&hellip;]<\/p>\n","protected":false},"author":1,"featured_media":0,"parent":2274,"menu_order":0,"comment_status":"closed","ping_status":"closed","template":"","meta":[],"yoast_head":"<!-- This site is optimized with the Yoast SEO plugin v16.4 - https:\/\/yoast.com\/wordpress\/plugins\/seo\/ -->\n<title>MANUELLE LAMINIERUNG - motoplast.pl<\/title>\n<meta name=\"robots\" content=\"index, follow, max-snippet:-1, max-image-preview:large, max-video-preview:-1\" \/>\n<link rel=\"canonical\" href=\"https:\/\/www.motoplast.pl\/index.php\/de\/home-de\/technologien\/manuelle-laminierung\/\" \/>\n<meta property=\"og:locale\" content=\"pl_PL\" \/>\n<meta property=\"og:type\" content=\"article\" \/>\n<meta property=\"og:title\" content=\"MANUELLE LAMINIERUNG - motoplast.pl\" \/>\n<meta property=\"og:description\" content=\"MANUELLE LAMINIERUNG MANUELLE LAMINIERUNG Die beliebteste und einfachste Methode zur Herstellung von Verbundwerkstoffen aus Polyester-Glas-Laminat ist die manuelle Laminierung. Es ist eine Methode, um aufeinanderfolgende Verst\u00e4rkung Geschichten zu \u00fcberlappen und filtern sie beim Harz mit der Walzen und die Pinsel. Abh\u00e4ngig von den verwendeten Materialien werden entsprechende physikalische und chemische Eigenschaften sowie die Dicke des [&hellip;]\" \/>\n<meta property=\"og:url\" content=\"https:\/\/www.motoplast.pl\/index.php\/de\/home-de\/technologien\/manuelle-laminierung\/\" \/>\n<meta property=\"og:site_name\" content=\"motoplast.pl\" \/>\n<meta property=\"article:modified_time\" content=\"2021-07-30T09:48:30+00:00\" \/>\n<meta property=\"og:image\" content=\"http:\/\/www.motoplast.pl\/wp-content\/uploads\/2021\/05\/e2e78d78-77b8-493d-ade7-d14f6a744284-850x550.jpg\" \/>\n<meta name=\"twitter:card\" content=\"summary_large_image\" \/>\n<meta name=\"twitter:label1\" content=\"Szacowany czas czytania\" \/>\n\t<meta name=\"twitter:data1\" content=\"2 minuty\" \/>\n<script type=\"application\/ld+json\" class=\"yoast-schema-graph\">{\"@context\":\"https:\/\/schema.org\",\"@graph\":[{\"@type\":\"WebSite\",\"@id\":\"https:\/\/www.motoplast.pl\/index.php\/en\/home-en\/#website\",\"url\":\"https:\/\/www.motoplast.pl\/index.php\/en\/home-en\/\",\"name\":\"motoplast.pl\",\"description\":\"motoplast.pl\",\"potentialAction\":[{\"@type\":\"SearchAction\",\"target\":\"https:\/\/www.motoplast.pl\/index.php\/en\/home-en\/?s={search_term_string}\",\"query-input\":\"required name=search_term_string\"}],\"inLanguage\":\"pl-PL\"},{\"@type\":\"ImageObject\",\"@id\":\"https:\/\/www.motoplast.pl\/index.php\/de\/home-de\/technologien\/manuelle-laminierung\/#primaryimage\",\"inLanguage\":\"pl-PL\",\"url\":\"http:\/\/www.motoplast.pl\/wp-content\/uploads\/2021\/05\/e2e78d78-77b8-493d-ade7-d14f6a744284-850x550.jpg\",\"contentUrl\":\"http:\/\/www.motoplast.pl\/wp-content\/uploads\/2021\/05\/e2e78d78-77b8-493d-ade7-d14f6a744284-850x550.jpg\"},{\"@type\":\"WebPage\",\"@id\":\"https:\/\/www.motoplast.pl\/index.php\/de\/home-de\/technologien\/manuelle-laminierung\/#webpage\",\"url\":\"https:\/\/www.motoplast.pl\/index.php\/de\/home-de\/technologien\/manuelle-laminierung\/\",\"name\":\"MANUELLE LAMINIERUNG - motoplast.pl\",\"isPartOf\":{\"@id\":\"https:\/\/www.motoplast.pl\/index.php\/en\/home-en\/#website\"},\"primaryImageOfPage\":{\"@id\":\"https:\/\/www.motoplast.pl\/index.php\/de\/home-de\/technologien\/manuelle-laminierung\/#primaryimage\"},\"datePublished\":\"2021-07-30T09:45:33+00:00\",\"dateModified\":\"2021-07-30T09:48:30+00:00\",\"breadcrumb\":{\"@id\":\"https:\/\/www.motoplast.pl\/index.php\/de\/home-de\/technologien\/manuelle-laminierung\/#breadcrumb\"},\"inLanguage\":\"pl-PL\",\"potentialAction\":[{\"@type\":\"ReadAction\",\"target\":[\"https:\/\/www.motoplast.pl\/index.php\/de\/home-de\/technologien\/manuelle-laminierung\/\"]}]},{\"@type\":\"BreadcrumbList\",\"@id\":\"https:\/\/www.motoplast.pl\/index.php\/de\/home-de\/technologien\/manuelle-laminierung\/#breadcrumb\",\"itemListElement\":[{\"@type\":\"ListItem\",\"position\":1,\"item\":{\"@type\":\"WebPage\",\"@id\":\"https:\/\/www.motoplast.pl\/\",\"url\":\"https:\/\/www.motoplast.pl\/\",\"name\":\"Strona g\\u0142\\u00f3wna\"}},{\"@type\":\"ListItem\",\"position\":2,\"item\":{\"@type\":\"WebPage\",\"@id\":\"https:\/\/www.motoplast.pl\/index.php\/de\/home-de\/\",\"url\":\"https:\/\/www.motoplast.pl\/index.php\/de\/home-de\/\",\"name\":\"HOME &#8211; DE\"}},{\"@type\":\"ListItem\",\"position\":3,\"item\":{\"@type\":\"WebPage\",\"@id\":\"https:\/\/www.motoplast.pl\/index.php\/de\/home-de\/technologien\/\",\"url\":\"https:\/\/www.motoplast.pl\/index.php\/de\/home-de\/technologien\/\",\"name\":\"TECHNOLOGIEN\"}},{\"@type\":\"ListItem\",\"position\":4,\"item\":{\"@id\":\"https:\/\/www.motoplast.pl\/index.php\/de\/home-de\/technologien\/manuelle-laminierung\/#webpage\"}}]}]}<\/script>\n<!-- \/ Yoast SEO plugin. -->","_links":{"self":[{"href":"https:\/\/www.motoplast.pl\/index.php\/wp-json\/wp\/v2\/pages\/2279"}],"collection":[{"href":"https:\/\/www.motoplast.pl\/index.php\/wp-json\/wp\/v2\/pages"}],"about":[{"href":"https:\/\/www.motoplast.pl\/index.php\/wp-json\/wp\/v2\/types\/page"}],"author":[{"embeddable":true,"href":"https:\/\/www.motoplast.pl\/index.php\/wp-json\/wp\/v2\/users\/1"}],"replies":[{"embeddable":true,"href":"https:\/\/www.motoplast.pl\/index.php\/wp-json\/wp\/v2\/comments?post=2279"}],"version-history":[{"count":4,"href":"https:\/\/www.motoplast.pl\/index.php\/wp-json\/wp\/v2\/pages\/2279\/revisions"}],"predecessor-version":[{"id":2283,"href":"https:\/\/www.motoplast.pl\/index.php\/wp-json\/wp\/v2\/pages\/2279\/revisions\/2283"}],"up":[{"embeddable":true,"href":"https:\/\/www.motoplast.pl\/index.php\/wp-json\/wp\/v2\/pages\/2274"}],"wp:attachment":[{"href":"https:\/\/www.motoplast.pl\/index.php\/wp-json\/wp\/v2\/media?parent=2279"}],"curies":[{"name":"wp","href":"https:\/\/api.w.org\/{rel}","templated":true}]}}